{"id":21194,"date":"2023-09-28T12:28:59","date_gmt":"2023-09-28T12:28:59","guid":{"rendered":"https:\/\/sierra.keydesign.xyz\/crm\/?page_id=21194"},"modified":"2025-10-08T17:32:10","modified_gmt":"2025-10-08T17:32:10","slug":"politica-de-cookies","status":"publish","type":"page","link":"https:\/\/lermensys.com.br\/es\/politica-de-cookies\/","title":{"rendered":"Pol\u00edtica de Cookies"},"content":{"rendered":"<div data-elementor-type=\"wp-page\" data-elementor-id=\"21194\" class=\"elementor elementor-21194\" data-elementor-post-type=\"page\">\n\t\t\t\t<div class=\"elementor-element elementor-element-b62330e e-flex e-con-boxed e-con e-parent\" data-id=\"b62330e\" data-element_type=\"container\" data-e-type=\"container\" data-settings=\"{&quot;background_background&quot;:&quot;classic&quot;}\">\n\t\t\t\t\t<div class=\"e-con-inner\">\n\t\t<div class=\"elementor-element elementor-element-a4ec2f3 e-con-full e-flex e-con e-child\" data-id=\"a4ec2f3\" data-element_type=\"container\" data-e-type=\"container\">\n\t\t\t\t<div class=\"elementor-element elementor-element-740f14c animated-fast elementor-invisible elementor-widget elementor-widget-elementskit-heading\" data-id=\"740f14c\" data-element_type=\"widget\" data-e-type=\"widget\" data-settings=\"{&quot;ekit_we_effect_on&quot;:&quot;css&quot;,&quot;_animation&quot;:&quot;fadeIn&quot;,&quot;_animation_delay&quot;:100}\" data-widget_type=\"elementskit-heading.default\">\n\t\t\t\t<div class=\"elementor-widget-container\">\n\t\t\t\t\t<div class=\"ekit-wid-con\" ><div class=\"ekit-heading elementskit-section-title-wraper text_left   ekit_heading_tablet-   ekit_heading_mobile-\"><div class=\"elementskit-section-subtitle   ekit-heading__subtitle-has-border\">\n\t\t\t\t\t\tAtualizado em Novembro de 2023\n\t\t\t\t\t<\/div><h1 class=\"ekit-heading--title elementskit-section-title\">Pol\u00edtica de Cookies<\/h1>\t\t\t\t<div class='ekit-heading__description'>\n\t\t\t\t\t<p class=\"paragraph m30\">Esta Pol\u00edtica se aplica ao nosso site (https:\/\/www.lermensys.com.br) e descreve como coletamos e usamos essas informa\u00e7\u00f5es, bem como as op\u00e7\u00f5es que temos por meio do uso de tecnologias chamadas \"cookies\" e tecnologias semelhantes (como pixels, armazenamento local e conjuntos de cookies).<\/p>\n<p class=\"paragraph m30\">Neste documento, abordaremos como coletamos as informa\u00e7\u00f5es atrav\u00e9s dos cookies existentes em nosso site, como utilizamos e por qual raz\u00e3o \u00e9 necess\u00e1rio armazenar esses cookies.<\/p>\n<p class=\"paragraph m30\">Caso voc\u00ea entenda em realizar a manuten\u00e7\u00e3o de determinados cookies da nossa plataforma, \u00e9 importante que voc\u00ea saiba que isso poder\u00e1 impedir ou interromper certos elementos de funcionalidade do nosso site.<\/p>\n<p class=\"paragraph m30\">Para facilitar seu entendimento sobre o uso destas tecnologias, explicamos abaixo algumas caracter\u00edsticas existentes em nosso site.<\/p>\n\t\t\t\t<\/div>\n\t\t\t<\/div><\/div>\t\t\t\t<\/div>\n\t\t\t\t<\/div>\n\t\t\t\t<\/div>\n\t\t\t\t\t<\/div>\n\t\t\t\t<\/div>\n\t\t<div class=\"elementor-element elementor-element-1ce56c6 e-flex e-con-boxed e-con e-parent\" data-id=\"1ce56c6\" data-element_type=\"container\" data-e-type=\"container\" data-settings=\"{&quot;animation&quot;:&quot;none&quot;}\">\n\t\t\t\t\t<div class=\"e-con-inner\">\n\t\t<div class=\"elementor-element elementor-element-f046f91 e-con-full e-flex e-con e-child\" data-id=\"f046f91\" data-element_type=\"container\" data-e-type=\"container\">\n\t\t<div class=\"elementor-element elementor-element-dd04d7b e-con-full sticky-section e-flex e-con e-child\" data-id=\"dd04d7b\" data-element_type=\"container\" data-e-type=\"container\" id=\"section1\">\n\t\t<div class=\"elementor-element elementor-element-02ec645 e-con-full e-flex e-con e-child\" data-id=\"02ec645\" data-element_type=\"container\" data-e-type=\"container\">\n\t\t\t\t<div class=\"elementor-element elementor-element-3fec37c animated-fast elementor-invisible elementor-widget elementor-widget-elementskit-heading\" data-id=\"3fec37c\" data-element_type=\"widget\" data-e-type=\"widget\" data-settings=\"{&quot;_animation&quot;:&quot;fadeIn&quot;,&quot;_animation_delay&quot;:100,&quot;ekit_we_effect_on&quot;:&quot;none&quot;}\" data-widget_type=\"elementskit-heading.default\">\n\t\t\t\t<div class=\"elementor-widget-container\">\n\t\t\t\t\t<div class=\"ekit-wid-con\" ><div class=\"ekit-heading elementskit-section-title-wraper text_left   ekit_heading_tablet-   ekit_heading_mobile-\"><h3 class=\"ekit-heading--title elementskit-section-title\">Pol\u00edtica de Cookies<\/h3><\/div><\/div>\t\t\t\t<\/div>\n\t\t\t\t<\/div>\n\t\t\t\t<\/div>\n\t\t<div class=\"elementor-element elementor-element-060d787 e-con-full e-flex e-con e-child\" data-id=\"060d787\" data-element_type=\"container\" data-e-type=\"container\">\n\t\t\t\t<div class=\"elementor-element elementor-element-a247b33 animated-fast elementor-invisible elementor-widget elementor-widget-text-editor\" data-id=\"a247b33\" data-element_type=\"widget\" data-e-type=\"widget\" data-settings=\"{&quot;_animation&quot;:&quot;fadeIn&quot;,&quot;_animation_delay&quot;:100,&quot;ekit_we_effect_on&quot;:&quot;none&quot;}\" data-widget_type=\"text-editor.default\">\n\t\t\t\t<div class=\"elementor-widget-container\">\n\t\t\t\t\t\t\t\t\t<p class=\"p1\"><b>O que s\u00e3o cookies?<\/b><\/p><p class=\"p2\">Como \u00e9 pr\u00e1tica comum em quase todos os sites profissionais, este site usa cookies, que s\u00e3o pequenos arquivos baixados no computador do visitante, para melhorar sua experi\u00eancia. Esta p\u00e1gina descreve quais informa\u00e7\u00f5es eles coletam, como as usamos e por que \u00e0s vezes precisamos armazenar esses cookies. Tamb\u00e9m compartilharemos como o visitante pode impedir que esses cookies sejam armazenados, no entanto, isso pode fazer o downgrade ou &#8216;quebrar&#8217; certos elementos da funcionalidade do site.<\/p><p class=\"p1\"><b>Como usamos os cookies?<\/b><\/p><p class=\"p2\">Utilizamos cookies por v\u00e1rios motivos, detalhados abaixo. Infelizmente, na maioria dos casos, n\u00e3o existem op\u00e7\u00f5es padr\u00e3o do setor para desativar os cookies sem desativar completamente a funcionalidade e os recursos que eles adicionam a este site. \u00c9 recomend\u00e1vel que o visitante deixe todos os cookies se n\u00e3o tiver certeza se precisa ou n\u00e3o deles, caso sejam usados para fornecer um servi\u00e7o.<\/p><p class=\"p1\"><b>Desativar cookies<\/b><\/p><p class=\"p2\">O visitante pode impedir a configura\u00e7\u00e3o de cookies ajustando as configura\u00e7\u00f5es do navegador (consulte a ajuda do navegador para saber como fazer isso). O visitante dever\u00e1 estar ciente de que a desativa\u00e7\u00e3o de cookies afetar\u00e1 a funcionalidade deste e de muitos outros sites que visita. A desativa\u00e7\u00e3o de cookies geralmente resultar\u00e1 na desativa\u00e7\u00e3o de determinadas funcionalidades e recursos deste site. Portanto, \u00e9 recomend\u00e1vel que n\u00e3o desative os cookies.<\/p><p class=\"p1\"><b>Cookies que definimos<\/b><\/p><p class=\"p1\"><b>Cookies relacionados a pesquisas<\/b><\/p><p class=\"p2\">Periodicamente, oferecemos pesquisas e question\u00e1rios para fornecer informa\u00e7\u00f5es interessantes, ferramentas \u00fateis ou para entender nossa base de usu\u00e1rios com mais precis\u00e3o. Essas pesquisas podem usar cookies para lembrar quem j\u00e1 participou numa pesquisa ou para fornecer resultados precisos ap\u00f3s a altera\u00e7\u00e3o das p\u00e1ginas.<\/p><p class=\"p1\"><b>Cookies relacionados a formul\u00e1rios<\/b><\/p><p class=\"p2\">Quando o visitante envia dados por meio de um formul\u00e1rio como os encontrados nas p\u00e1ginas de contato ou nos formul\u00e1rios de coment\u00e1rios, os cookies podem ser configurados para lembrar os detalhes do usu\u00e1rio para correspond\u00eancia futura.<\/p><p class=\"p1\"><b>Cookies de prefer\u00eancias do site<\/b><\/p><p class=\"p2\">Para proporcionar uma \u00f3tima experi\u00eancia neste site, fornecemos a funcionalidade para definir as prefer\u00eancias de como esse site \u00e9 executado quando o visitante o utiliza. Para lembrar as prefer\u00eancias, precisamos definir cookies para que essas informa\u00e7\u00f5es possam ser chamadas sempre que o visitante interagir com uma p\u00e1gina for afetada pelas prefer\u00eancias.<\/p><p class=\"p1\"><b>Cookies de terceiros<\/b><\/p><p class=\"p2\">Em alguns casos especiais, tamb\u00e9m usamos cookies fornecidos por terceiros confi\u00e1veis. A se\u00e7\u00e3o a seguir detalha quais cookies de terceiros o visitante pode encontrar atrav\u00e9s deste site.<\/p><p class=\"p2\">Este site usa o Google Analytics, que \u00e9 uma das solu\u00e7\u00f5es de an\u00e1lise mais difundidas e confi\u00e1veis da web, para nos ajudar a entender como o visitante usa o site e como podemos melhorar a experi\u00eancia. Esses cookies podem rastrear itens como quanto tempo a visitante gasta no site e as p\u00e1ginas visitadas, para que possamos continuar produzindo conte\u00fado atraente.<\/p><p class=\"p2\">Para mais informa\u00e7\u00f5es sobre cookies do Google Analytics, consulte a p\u00e1gina oficial do Google Analytics.<\/p><p class=\"p2\">As an\u00e1lises de terceiros s\u00e3o usadas para rastrear e medir o uso deste site, para que possamos continuar produzindo conte\u00fado atrativo. Esses cookies podem rastrear itens como o tempo que o visitante passa no site ou as p\u00e1ginas visitadas, o que nos ajuda a entender como podemos melhorar o site.<\/p><p class=\"p2\">Periodicamente, testamos novos recursos e fazemos altera\u00e7\u00f5es sutis na maneira como o site se apresenta. Quando ainda estamos testando novos recursos, esses cookies podem ser usados para garantir que o visitante receba uma experi\u00eancia consistente enquanto estiver no site, enquanto entendemos quais otimiza\u00e7\u00f5es os nossos usu\u00e1rios mais apreciam.<\/p><p class=\"p1\"><b>Compromisso do usu\u00e1rio<\/b><\/p><p class=\"p2\">O usu\u00e1rio se compromete a fazer uso adequado dos conte\u00fados e da informa\u00e7\u00e3o que LERMENSYS oferece no site e com car\u00e1ter enunciativo, mas n\u00e3o limitativo:<\/p><ol class=\"ol1\"><li class=\"li2\">n\u00e3o se envolver em atividades que sejam ilegais ou contr\u00e1rias \u00e0 boa f\u00e9 a \u00e0 ordem p\u00fablica;<\/li><li class=\"li2\">N\u00e3o difundir propaganda ou conte\u00fado de natureza racista, xenof\u00f3bica, ou apostas desportivas, jogos de sorte e azar, qualquer tipo de pornografia ilegal, de apologia ao terrorismo ou contra os direitos humanos;<\/li><li class=\"li2\">n\u00e3o causar danos aos sistemas f\u00edsicos (hardwares) e l\u00f3gicos (softwares) da LERMENSYS, de seus fornecedores ou terceiros, para introduzir ou disseminar v\u00edrus inform\u00e1ticos ou quaisquer outros sistemas de hardware ou software que sejam capazes de causar danos anteriormente mencionados.<\/li><\/ol><p class=\"p2\">Em caso de d\u00favidas sobre esta Pol\u00edtica ou para mais informa\u00e7\u00f5es, sinta-se \u00e0 vontade para entrar em contato conosco atrav\u00e9s do e-mail <a href=\"mailto:comercial@lermensys.com.br\"><span class=\"s1\">comercial@lermensys.com.br<\/span><\/a>.<\/p><p class=\"p2\">A LERMENSYS poder\u00e1 atualizar esta pol\u00edtica de privacidade a qualquer momento. Quaisquer altera\u00e7\u00f5es em nossa Pol\u00edtica ser\u00e3o imediatamente comunicadas nesta p\u00e1gina.<\/p>\t\t\t\t\t\t\t\t<\/div>\n\t\t\t\t<\/div>\n\t\t\t\t<\/div>\n\t\t\t\t<\/div>\n\t\t\t\t<\/div>\n\t\t\t\t\t<\/div>\n\t\t\t\t<\/div>\n\t\t\t\t<\/div>","protected":false},"excerpt":{"rendered":"<p>Atualizado em Novembro de 2023 Pol\u00edtica de Cookies Esta Pol\u00edtica se aplica ao nosso site (https:\/\/www.lermensys.com.br) e descreve como coletamos e usamos essas informa\u00e7\u00f5es, bem como as op\u00e7\u00f5es que temos por meio do uso de tecnologias chamadas &#8220;cookies&#8221; e tecnologias semelhantes (como pixels, armazenamento local e conjuntos de cookies). Neste documento, abordaremos como coletamos as [&hellip;]<\/p>\n","protected":false},"author":1,"featured_media":0,"parent":0,"menu_order":0,"comment_status":"closed","ping_status":"closed","template":"","meta":{"footnotes":""},"class_list":["post-21194","page","type-page","status-publish","hentry"],"yoast_head":"<!-- This site is optimized with the Yoast SEO plugin v26.9 - https:\/\/yoast.com\/product\/yoast-seo-wordpress\/ -->\n<title>LermenSys - Competitividade para a ind\u00fastria<\/title>\n<meta name=\"description\" content=\"Competitividade. Simula\u00e7\u00f5es de pre\u00e7os de venda com base em ficha t\u00e9cnica, sequ\u00eancia operacional e insumos.\" \/>\n<meta name=\"robots\" content=\"index, follow, max-snippet:-1, max-image-preview:large, max-video-preview:-1\" \/>\n<link rel=\"canonical\" href=\"https:\/\/lermensys.com.br\/es\/politica-de-cookies\/\" \/>\n<meta property=\"og:locale\" content=\"es_ES\" \/>\n<meta property=\"og:type\" content=\"article\" \/>\n<meta property=\"og:title\" content=\"LermenSys - Competitividade para a ind\u00fastria\" \/>\n<meta property=\"og:description\" content=\"Competitividade. Simula\u00e7\u00f5es de pre\u00e7os de venda com base em ficha t\u00e9cnica, sequ\u00eancia operacional e insumos.\" \/>\n<meta property=\"og:url\" content=\"https:\/\/lermensys.com.br\/es\/politica-de-cookies\/\" \/>\n<meta property=\"og:site_name\" content=\"Lermensys\" \/>\n<meta property=\"article:publisher\" content=\"https:\/\/www.facebook.com\/LermenSys\" \/>\n<meta property=\"article:modified_time\" content=\"2025-10-08T17:32:10+00:00\" \/>\n<meta name=\"twitter:card\" content=\"summary_large_image\" \/>\n<script type=\"application\/ld+json\" class=\"yoast-schema-graph\">{\"@context\":\"https:\/\/schema.org\",\"@graph\":[{\"@type\":\"WebPage\",\"@id\":\"https:\/\/lermensys.com.br\/politica-de-cookies\/\",\"url\":\"https:\/\/lermensys.com.br\/politica-de-cookies\/\",\"name\":\"LermenSys - Competitividade para a ind\u00fastria\",\"isPartOf\":{\"@id\":\"https:\/\/lermensys.com.br\/#website\"},\"datePublished\":\"2023-09-28T12:28:59+00:00\",\"dateModified\":\"2025-10-08T17:32:10+00:00\",\"description\":\"Competitividade. Simula\u00e7\u00f5es de pre\u00e7os de venda com base em ficha t\u00e9cnica, sequ\u00eancia operacional e insumos.\",\"breadcrumb\":{\"@id\":\"https:\/\/lermensys.com.br\/politica-de-cookies\/#breadcrumb\"},\"inLanguage\":\"es\",\"potentialAction\":[{\"@type\":\"ReadAction\",\"target\":[\"https:\/\/lermensys.com.br\/politica-de-cookies\/\"]}]},{\"@type\":\"BreadcrumbList\",\"@id\":\"https:\/\/lermensys.com.br\/politica-de-cookies\/#breadcrumb\",\"itemListElement\":[{\"@type\":\"ListItem\",\"position\":1,\"name\":\"In\u00edcio\",\"item\":\"https:\/\/lermensys.com.br\/\"},{\"@type\":\"ListItem\",\"position\":2,\"name\":\"Pol\u00edtica de Cookies\"}]},{\"@type\":\"WebSite\",\"@id\":\"https:\/\/lermensys.com.br\/#website\",\"url\":\"https:\/\/lermensys.com.br\/\",\"name\":\"Lermensys\",\"description\":\"Software de Gest\u00e3o para a Ind\u00fastria T\u00eaxtil e de Confec\u00e7\u00e3o\",\"publisher\":{\"@id\":\"https:\/\/lermensys.com.br\/#organization\"},\"potentialAction\":[{\"@type\":\"SearchAction\",\"target\":{\"@type\":\"EntryPoint\",\"urlTemplate\":\"https:\/\/lermensys.com.br\/?s={search_term_string}\"},\"query-input\":{\"@type\":\"PropertyValueSpecification\",\"valueRequired\":true,\"valueName\":\"search_term_string\"}}],\"inLanguage\":\"es\"},{\"@type\":\"Organization\",\"@id\":\"https:\/\/lermensys.com.br\/#organization\",\"name\":\"Lermensys\",\"url\":\"https:\/\/lermensys.com.br\/\",\"logo\":{\"@type\":\"ImageObject\",\"inLanguage\":\"es\",\"@id\":\"https:\/\/lermensys.com.br\/#\/schema\/logo\/image\/\",\"url\":\"https:\/\/lermensys.com.br\/wp-content\/uploads\/2023\/09\/Logo_LermenSys.png\",\"contentUrl\":\"https:\/\/lermensys.com.br\/wp-content\/uploads\/2023\/09\/Logo_LermenSys.png\",\"width\":900,\"height\":240,\"caption\":\"Lermensys\"},\"image\":{\"@id\":\"https:\/\/lermensys.com.br\/#\/schema\/logo\/image\/\"},\"sameAs\":[\"https:\/\/www.facebook.com\/LermenSys\",\"https:\/\/www.instagram.com\/lermensys\/\",\"https:\/\/www.linkedin.com\/company\/lermensys\/\"]}]}<\/script>\n<!-- \/ Yoast SEO plugin. -->","yoast_head_json":{"title":"LermenSys - Competitividade para a ind\u00fastria","description":"Competitividade. Simula\u00e7\u00f5es de pre\u00e7os de venda com base em ficha t\u00e9cnica, sequ\u00eancia operacional e insumos.","robots":{"index":"index","follow":"follow","max-snippet":"max-snippet:-1","max-image-preview":"max-image-preview:large","max-video-preview":"max-video-preview:-1"},"canonical":"https:\/\/lermensys.com.br\/es\/politica-de-cookies\/","og_locale":"es_ES","og_type":"article","og_title":"LermenSys - Competitividade para a ind\u00fastria","og_description":"Competitividade. Simula\u00e7\u00f5es de pre\u00e7os de venda com base em ficha t\u00e9cnica, sequ\u00eancia operacional e insumos.","og_url":"https:\/\/lermensys.com.br\/es\/politica-de-cookies\/","og_site_name":"Lermensys","article_publisher":"https:\/\/www.facebook.com\/LermenSys","article_modified_time":"2025-10-08T17:32:10+00:00","twitter_card":"summary_large_image","schema":{"@context":"https:\/\/schema.org","@graph":[{"@type":"WebPage","@id":"https:\/\/lermensys.com.br\/politica-de-cookies\/","url":"https:\/\/lermensys.com.br\/politica-de-cookies\/","name":"LermenSys - Competitividade para a ind\u00fastria","isPartOf":{"@id":"https:\/\/lermensys.com.br\/#website"},"datePublished":"2023-09-28T12:28:59+00:00","dateModified":"2025-10-08T17:32:10+00:00","description":"Competitividade. Simula\u00e7\u00f5es de pre\u00e7os de venda com base em ficha t\u00e9cnica, sequ\u00eancia operacional e insumos.","breadcrumb":{"@id":"https:\/\/lermensys.com.br\/politica-de-cookies\/#breadcrumb"},"inLanguage":"es","potentialAction":[{"@type":"ReadAction","target":["https:\/\/lermensys.com.br\/politica-de-cookies\/"]}]},{"@type":"BreadcrumbList","@id":"https:\/\/lermensys.com.br\/politica-de-cookies\/#breadcrumb","itemListElement":[{"@type":"ListItem","position":1,"name":"In\u00edcio","item":"https:\/\/lermensys.com.br\/"},{"@type":"ListItem","position":2,"name":"Pol\u00edtica de Cookies"}]},{"@type":"WebSite","@id":"https:\/\/lermensys.com.br\/#website","url":"https:\/\/lermensys.com.br\/","name":"Lermensys","description":"Software de Gest\u00e3o para a Ind\u00fastria T\u00eaxtil e de Confec\u00e7\u00e3o","publisher":{"@id":"https:\/\/lermensys.com.br\/#organization"},"potentialAction":[{"@type":"SearchAction","target":{"@type":"EntryPoint","urlTemplate":"https:\/\/lermensys.com.br\/?s={search_term_string}"},"query-input":{"@type":"PropertyValueSpecification","valueRequired":true,"valueName":"search_term_string"}}],"inLanguage":"es"},{"@type":"Organization","@id":"https:\/\/lermensys.com.br\/#organization","name":"Lermensys","url":"https:\/\/lermensys.com.br\/","logo":{"@type":"ImageObject","inLanguage":"es","@id":"https:\/\/lermensys.com.br\/#\/schema\/logo\/image\/","url":"https:\/\/lermensys.com.br\/wp-content\/uploads\/2023\/09\/Logo_LermenSys.png","contentUrl":"https:\/\/lermensys.com.br\/wp-content\/uploads\/2023\/09\/Logo_LermenSys.png","width":900,"height":240,"caption":"Lermensys"},"image":{"@id":"https:\/\/lermensys.com.br\/#\/schema\/logo\/image\/"},"sameAs":["https:\/\/www.facebook.com\/LermenSys","https:\/\/www.instagram.com\/lermensys\/","https:\/\/www.linkedin.com\/company\/lermensys\/"]}]}},"_links":{"self":[{"href":"https:\/\/lermensys.com.br\/es\/wp-json\/wp\/v2\/pages\/21194","targetHints":{"allow":["GET"]}}],"collection":[{"href":"https:\/\/lermensys.com.br\/es\/wp-json\/wp\/v2\/pages"}],"about":[{"href":"https:\/\/lermensys.com.br\/es\/wp-json\/wp\/v2\/types\/page"}],"author":[{"embeddable":true,"href":"https:\/\/lermensys.com.br\/es\/wp-json\/wp\/v2\/users\/1"}],"replies":[{"embeddable":true,"href":"https:\/\/lermensys.com.br\/es\/wp-json\/wp\/v2\/comments?post=21194"}],"version-history":[{"count":9,"href":"https:\/\/lermensys.com.br\/es\/wp-json\/wp\/v2\/pages\/21194\/revisions"}],"predecessor-version":[{"id":22636,"href":"https:\/\/lermensys.com.br\/es\/wp-json\/wp\/v2\/pages\/21194\/revisions\/22636"}],"wp:attachment":[{"href":"https:\/\/lermensys.com.br\/es\/wp-json\/wp\/v2\/media?parent=21194"}],"curies":[{"name":"wp","href":"https:\/\/api.w.org\/{rel}","templated":true}]}}