{"id":21861,"date":"2024-07-25T14:29:49","date_gmt":"2024-07-25T14:29:49","guid":{"rendered":"https:\/\/lermensys.com.br\/novosite\/?page_id=21861"},"modified":"2025-10-08T17:33:37","modified_gmt":"2025-10-08T17:33:37","slug":"politica-de-privacidade","status":"publish","type":"page","link":"https:\/\/lermensys.com.br\/es\/politica-de-privacidade\/","title":{"rendered":"Pol\u00edtica de Privacidade"},"content":{"rendered":"<div data-elementor-type=\"wp-page\" data-elementor-id=\"21861\" class=\"elementor elementor-21861\" data-elementor-post-type=\"page\">\n\t\t\t\t<div class=\"elementor-element elementor-element-b62330e e-flex e-con-boxed e-con e-parent\" data-id=\"b62330e\" data-element_type=\"container\" data-e-type=\"container\" data-settings=\"{&quot;background_background&quot;:&quot;classic&quot;}\">\n\t\t\t\t\t<div class=\"e-con-inner\">\n\t\t<div class=\"elementor-element elementor-element-a4ec2f3 e-con-full e-flex e-con e-child\" data-id=\"a4ec2f3\" data-element_type=\"container\" data-e-type=\"container\">\n\t\t\t\t<div class=\"elementor-element elementor-element-740f14c animated-fast elementor-invisible elementor-widget elementor-widget-elementskit-heading\" data-id=\"740f14c\" data-element_type=\"widget\" data-e-type=\"widget\" data-settings=\"{&quot;ekit_we_effect_on&quot;:&quot;css&quot;,&quot;_animation&quot;:&quot;fadeIn&quot;,&quot;_animation_delay&quot;:100}\" data-widget_type=\"elementskit-heading.default\">\n\t\t\t\t<div class=\"elementor-widget-container\">\n\t\t\t\t\t<div class=\"ekit-wid-con\" ><div class=\"ekit-heading elementskit-section-title-wraper text_left   ekit_heading_tablet-   ekit_heading_mobile-\"><div class=\"elementskit-section-subtitle   ekit-heading__subtitle-has-border\">\n\t\t\t\t\t\tAtualizado em Novembro de 2023\n\t\t\t\t\t<\/div><h1 class=\"ekit-heading--title elementskit-section-title\">Pol\u00edtica de Privacidade<\/h1>\t\t\t\t<div class='ekit-heading__description'>\n\t\t\t\t\t<p class=\"paragraph m30\">A privacidade e prote\u00e7\u00e3o de dados pessoais \u00e9 importante para a LermenSys, sendo ela praticada efetivamente em todos os nossos processos de neg\u00f3cio, por todos os nossos colaboradores e na rela\u00e7\u00e3o com todos os nossos clientes, fornecedores, terceiros, prestadores de servi\u00e7os e parceiros de neg\u00f3cio.<\/p>\n<p class=\"paragraph m30\">Para tanto, desenvolvemos esta Declara\u00e7\u00e3o de Privacidade com o objetivo de apresentarmos aos titulares de dados como tratamos e protegemos os dados pessoais e como garantimos os direitos relacionados \u00e0 privacidade e prote\u00e7\u00e3o de dados.<\/p>\n<p class=\"paragraph m30\">Al\u00e9m desta Declara\u00e7\u00e3o de Privacidade, mantemos um programa interno de governan\u00e7a em Seguran\u00e7a da Informa\u00e7\u00e3o e Prote\u00e7\u00e3o de Dados contemplando o desenvolvimento e manuten\u00e7\u00e3o cont\u00ednuos de uma Pol\u00edtica de Seguran\u00e7a da Informa\u00e7\u00e3o e uma Pol\u00edtica de Prote\u00e7\u00e3o de Dados.<\/p>\n\t\t\t\t<\/div>\n\t\t\t<\/div><\/div>\t\t\t\t<\/div>\n\t\t\t\t<\/div>\n\t\t\t\t<\/div>\n\t\t\t\t\t<\/div>\n\t\t\t\t<\/div>\n\t\t<div class=\"elementor-element elementor-element-1ce56c6 e-flex e-con-boxed e-con e-parent\" data-id=\"1ce56c6\" data-element_type=\"container\" data-e-type=\"container\" data-settings=\"{&quot;animation&quot;:&quot;none&quot;}\">\n\t\t\t\t\t<div class=\"e-con-inner\">\n\t\t<div class=\"elementor-element elementor-element-f046f91 e-con-full e-flex e-con e-child\" data-id=\"f046f91\" data-element_type=\"container\" data-e-type=\"container\">\n\t\t<div class=\"elementor-element elementor-element-dd04d7b e-con-full sticky-section e-flex e-con e-child\" data-id=\"dd04d7b\" data-element_type=\"container\" data-e-type=\"container\" id=\"section1\">\n\t\t<div class=\"elementor-element elementor-element-02ec645 e-con-full e-flex e-con e-child\" data-id=\"02ec645\" data-element_type=\"container\" data-e-type=\"container\">\n\t\t\t\t<div class=\"elementor-element elementor-element-3fec37c animated-fast elementor-invisible elementor-widget elementor-widget-elementskit-heading\" data-id=\"3fec37c\" data-element_type=\"widget\" data-e-type=\"widget\" data-settings=\"{&quot;_animation&quot;:&quot;fadeIn&quot;,&quot;_animation_delay&quot;:100,&quot;ekit_we_effect_on&quot;:&quot;none&quot;}\" data-widget_type=\"elementskit-heading.default\">\n\t\t\t\t<div class=\"elementor-widget-container\">\n\t\t\t\t\t<div class=\"ekit-wid-con\" ><div class=\"ekit-heading elementskit-section-title-wraper text_left   ekit_heading_tablet-   ekit_heading_mobile-\"><h3 class=\"ekit-heading--title elementskit-section-title\">Pol\u00edtica de Privacidade<\/h3><\/div><\/div>\t\t\t\t<\/div>\n\t\t\t\t<\/div>\n\t\t\t\t<\/div>\n\t\t<div class=\"elementor-element elementor-element-060d787 e-con-full e-flex e-con e-child\" data-id=\"060d787\" data-element_type=\"container\" data-e-type=\"container\">\n\t\t\t\t<div class=\"elementor-element elementor-element-a247b33 animated-fast elementor-invisible elementor-widget elementor-widget-text-editor\" data-id=\"a247b33\" data-element_type=\"widget\" data-e-type=\"widget\" data-settings=\"{&quot;_animation&quot;:&quot;fadeIn&quot;,&quot;_animation_delay&quot;:100,&quot;ekit_we_effect_on&quot;:&quot;none&quot;}\" data-widget_type=\"text-editor.default\">\n\t\t\t\t<div class=\"elementor-widget-container\">\n\t\t\t\t\t\t\t\t\t<p class=\"p1\"><b>LERMENSYS <br \/>Softwares de Gest\u00e3o <\/b><\/p><p class=\"p3\">\u00c9 pol\u00edtica da LERMENSYS respeitar a privacidade do visitante em rela\u00e7\u00e3o a qualquer informa\u00e7\u00e3o que possamos coletar no site da LERMENSYS, e outros sites que possu\u00edmos e operamos.<\/p><p class=\"p3\">A LERMENSYS se compromete a observar plenamente os princ\u00edpios e requisitos para tratamento de dados pessoais previstos na Lei 13.709\/2018 &#8211; Lei Geral de Prote\u00e7\u00e3o de Dados (LGPD), bem como na GDPR (General Data Protection Regulation), conforme o caso, al\u00e9m de eventuais ordenamentos que venham a substitu\u00ed-los ou complement\u00e1-los.<\/p><p class=\"p3\">Solicitamos informa\u00e7\u00f5es pessoais apenas quando realmente precisamos delas para fornecer um servi\u00e7o. Fazemo-lo por meios justos e legais, com o conhecimento e consentimento do visitante. Tamb\u00e9m informamos por que estamos coletando e como ser\u00e1 usado.<\/p><p class=\"p3\">Apenas retemos as informa\u00e7\u00f5es coletadas pelo tempo necess\u00e1rio para fornecer o servi\u00e7o solicitado, apresentar an\u00fancios, personalizar conte\u00fados e avalia\u00e7\u00e3o da utiliza\u00e7\u00e3o do site.<\/p><p class=\"p3\">N\u00e3o compartilhamos informa\u00e7\u00f5es de identifica\u00e7\u00e3o pessoal publicamente ou com terceiros, exceto quando exigido por lei.<\/p><p class=\"p3\">O nosso site pode ter links para sites externos que n\u00e3o s\u00e3o operados por n\u00f3s. O visitante deve estar ciente de que n\u00e3o temos controle sobre o conte\u00fado e pr\u00e1ticas desses sites e n\u00e3o podemos aceitar responsabilidade por suas respectivas pol\u00edticas de privacidade.<\/p><p class=\"p3\">O visitante \u00e9 livre para recusar a nossa solicita\u00e7\u00e3o de informa\u00e7\u00f5es pessoais, entendendo que talvez n\u00e3o possamos fornecer alguns dos servi\u00e7os desejados.<\/p><p class=\"p3\">O uso continuado de nosso site ser\u00e1 considerado como aceita\u00e7\u00e3o de nossas pr\u00e1ticas em torno de privacidade e informa\u00e7\u00f5es pessoais. D\u00favidas sobre como lidamos com dados do usu\u00e1rio e informa\u00e7\u00f5es pessoais, o visitante poder\u00e1 entrar em contato conosco.<\/p><p class=\"p3\">A LERMENSYS se compromete a estabelecer boas pr\u00e1ticas de seguran\u00e7a de dados em rela\u00e7\u00e3o \u00e0s informa\u00e7\u00f5es, responsabilizando-se pelo tratamento adequado dos dados utilizados, sua hospedagem em banco de dados seguro, tomando todas as medidas de seguran\u00e7a exigidas pela norma. Declara ainda que toma todos os cuidados t\u00e9cnicos e administrativos necess\u00e1rios para tratar os dados pessoais de maneira segura e confidencial.<\/p>\t\t\t\t\t\t\t\t<\/div>\n\t\t\t\t<\/div>\n\t\t\t\t<\/div>\n\t\t\t\t<\/div>\n\t\t\t\t<\/div>\n\t\t\t\t\t<\/div>\n\t\t\t\t<\/div>\n\t\t\t\t<\/div>","protected":false},"excerpt":{"rendered":"<p>Atualizado em Novembro de 2023 Pol\u00edtica de Privacidade A privacidade e prote\u00e7\u00e3o de dados pessoais \u00e9 importante para a LermenSys, sendo ela praticada efetivamente em todos os nossos processos de neg\u00f3cio, por todos os nossos colaboradores e na rela\u00e7\u00e3o com todos os nossos clientes, fornecedores, terceiros, prestadores de servi\u00e7os e parceiros de neg\u00f3cio. Para tanto, [&hellip;]<\/p>\n","protected":false},"author":1,"featured_media":0,"parent":0,"menu_order":0,"comment_status":"closed","ping_status":"closed","template":"","meta":{"footnotes":""},"class_list":["post-21861","page","type-page","status-publish","hentry"],"yoast_head":"<!-- This site is optimized with the Yoast SEO plugin v26.9 - https:\/\/yoast.com\/product\/yoast-seo-wordpress\/ -->\n<title>LermenSys - Gest\u00e3o da Produ\u00e7\u00e3o<\/title>\n<meta name=\"description\" content=\"Identifica\u00e7\u00e3o r\u00e1pida de onde alocar pedidos emergenciais. Identifica\u00e7\u00e3o de \u00e1reas para aprimoramento dos processos produtivos.\" \/>\n<meta name=\"robots\" content=\"index, follow, max-snippet:-1, max-image-preview:large, max-video-preview:-1\" \/>\n<link rel=\"canonical\" href=\"https:\/\/lermensys.com.br\/es\/politica-de-privacidade\/\" \/>\n<meta property=\"og:locale\" content=\"es_ES\" \/>\n<meta property=\"og:type\" content=\"article\" \/>\n<meta property=\"og:title\" content=\"LermenSys - Gest\u00e3o da Produ\u00e7\u00e3o\" \/>\n<meta property=\"og:description\" content=\"Identifica\u00e7\u00e3o r\u00e1pida de onde alocar pedidos emergenciais. Identifica\u00e7\u00e3o de \u00e1reas para aprimoramento dos processos produtivos.\" \/>\n<meta property=\"og:url\" content=\"https:\/\/lermensys.com.br\/es\/politica-de-privacidade\/\" \/>\n<meta property=\"og:site_name\" content=\"Lermensys\" \/>\n<meta property=\"article:publisher\" content=\"https:\/\/www.facebook.com\/LermenSys\" \/>\n<meta property=\"article:modified_time\" content=\"2025-10-08T17:33:37+00:00\" \/>\n<meta name=\"twitter:card\" content=\"summary_large_image\" \/>\n<script type=\"application\/ld+json\" class=\"yoast-schema-graph\">{\"@context\":\"https:\/\/schema.org\",\"@graph\":[{\"@type\":\"WebPage\",\"@id\":\"https:\/\/lermensys.com.br\/politica-de-privacidade\/\",\"url\":\"https:\/\/lermensys.com.br\/politica-de-privacidade\/\",\"name\":\"LermenSys - Gest\u00e3o da Produ\u00e7\u00e3o\",\"isPartOf\":{\"@id\":\"https:\/\/lermensys.com.br\/#website\"},\"datePublished\":\"2024-07-25T14:29:49+00:00\",\"dateModified\":\"2025-10-08T17:33:37+00:00\",\"description\":\"Identifica\u00e7\u00e3o r\u00e1pida de onde alocar pedidos emergenciais. Identifica\u00e7\u00e3o de \u00e1reas para aprimoramento dos processos produtivos.\",\"breadcrumb\":{\"@id\":\"https:\/\/lermensys.com.br\/politica-de-privacidade\/#breadcrumb\"},\"inLanguage\":\"es\",\"potentialAction\":[{\"@type\":\"ReadAction\",\"target\":[\"https:\/\/lermensys.com.br\/politica-de-privacidade\/\"]}]},{\"@type\":\"BreadcrumbList\",\"@id\":\"https:\/\/lermensys.com.br\/politica-de-privacidade\/#breadcrumb\",\"itemListElement\":[{\"@type\":\"ListItem\",\"position\":1,\"name\":\"In\u00edcio\",\"item\":\"https:\/\/lermensys.com.br\/\"},{\"@type\":\"ListItem\",\"position\":2,\"name\":\"Pol\u00edtica de Privacidade\"}]},{\"@type\":\"WebSite\",\"@id\":\"https:\/\/lermensys.com.br\/#website\",\"url\":\"https:\/\/lermensys.com.br\/\",\"name\":\"Lermensys\",\"description\":\"Software de Gest\u00e3o para a Ind\u00fastria T\u00eaxtil e de Confec\u00e7\u00e3o\",\"publisher\":{\"@id\":\"https:\/\/lermensys.com.br\/#organization\"},\"potentialAction\":[{\"@type\":\"SearchAction\",\"target\":{\"@type\":\"EntryPoint\",\"urlTemplate\":\"https:\/\/lermensys.com.br\/?s={search_term_string}\"},\"query-input\":{\"@type\":\"PropertyValueSpecification\",\"valueRequired\":true,\"valueName\":\"search_term_string\"}}],\"inLanguage\":\"es\"},{\"@type\":\"Organization\",\"@id\":\"https:\/\/lermensys.com.br\/#organization\",\"name\":\"Lermensys\",\"url\":\"https:\/\/lermensys.com.br\/\",\"logo\":{\"@type\":\"ImageObject\",\"inLanguage\":\"es\",\"@id\":\"https:\/\/lermensys.com.br\/#\/schema\/logo\/image\/\",\"url\":\"https:\/\/lermensys.com.br\/wp-content\/uploads\/2023\/09\/Logo_LermenSys.png\",\"contentUrl\":\"https:\/\/lermensys.com.br\/wp-content\/uploads\/2023\/09\/Logo_LermenSys.png\",\"width\":900,\"height\":240,\"caption\":\"Lermensys\"},\"image\":{\"@id\":\"https:\/\/lermensys.com.br\/#\/schema\/logo\/image\/\"},\"sameAs\":[\"https:\/\/www.facebook.com\/LermenSys\",\"https:\/\/www.instagram.com\/lermensys\/\",\"https:\/\/www.linkedin.com\/company\/lermensys\/\"]}]}<\/script>\n<!-- \/ Yoast SEO plugin. -->","yoast_head_json":{"title":"LermenSys - Gest\u00e3o da Produ\u00e7\u00e3o","description":"Identifica\u00e7\u00e3o r\u00e1pida de onde alocar pedidos emergenciais. Identifica\u00e7\u00e3o de \u00e1reas para aprimoramento dos processos produtivos.","robots":{"index":"index","follow":"follow","max-snippet":"max-snippet:-1","max-image-preview":"max-image-preview:large","max-video-preview":"max-video-preview:-1"},"canonical":"https:\/\/lermensys.com.br\/es\/politica-de-privacidade\/","og_locale":"es_ES","og_type":"article","og_title":"LermenSys - Gest\u00e3o da Produ\u00e7\u00e3o","og_description":"Identifica\u00e7\u00e3o r\u00e1pida de onde alocar pedidos emergenciais. Identifica\u00e7\u00e3o de \u00e1reas para aprimoramento dos processos produtivos.","og_url":"https:\/\/lermensys.com.br\/es\/politica-de-privacidade\/","og_site_name":"Lermensys","article_publisher":"https:\/\/www.facebook.com\/LermenSys","article_modified_time":"2025-10-08T17:33:37+00:00","twitter_card":"summary_large_image","schema":{"@context":"https:\/\/schema.org","@graph":[{"@type":"WebPage","@id":"https:\/\/lermensys.com.br\/politica-de-privacidade\/","url":"https:\/\/lermensys.com.br\/politica-de-privacidade\/","name":"LermenSys - Gest\u00e3o da Produ\u00e7\u00e3o","isPartOf":{"@id":"https:\/\/lermensys.com.br\/#website"},"datePublished":"2024-07-25T14:29:49+00:00","dateModified":"2025-10-08T17:33:37+00:00","description":"Identifica\u00e7\u00e3o r\u00e1pida de onde alocar pedidos emergenciais. Identifica\u00e7\u00e3o de \u00e1reas para aprimoramento dos processos produtivos.","breadcrumb":{"@id":"https:\/\/lermensys.com.br\/politica-de-privacidade\/#breadcrumb"},"inLanguage":"es","potentialAction":[{"@type":"ReadAction","target":["https:\/\/lermensys.com.br\/politica-de-privacidade\/"]}]},{"@type":"BreadcrumbList","@id":"https:\/\/lermensys.com.br\/politica-de-privacidade\/#breadcrumb","itemListElement":[{"@type":"ListItem","position":1,"name":"In\u00edcio","item":"https:\/\/lermensys.com.br\/"},{"@type":"ListItem","position":2,"name":"Pol\u00edtica de Privacidade"}]},{"@type":"WebSite","@id":"https:\/\/lermensys.com.br\/#website","url":"https:\/\/lermensys.com.br\/","name":"Lermensys","description":"Software de Gest\u00e3o para a Ind\u00fastria T\u00eaxtil e de Confec\u00e7\u00e3o","publisher":{"@id":"https:\/\/lermensys.com.br\/#organization"},"potentialAction":[{"@type":"SearchAction","target":{"@type":"EntryPoint","urlTemplate":"https:\/\/lermensys.com.br\/?s={search_term_string}"},"query-input":{"@type":"PropertyValueSpecification","valueRequired":true,"valueName":"search_term_string"}}],"inLanguage":"es"},{"@type":"Organization","@id":"https:\/\/lermensys.com.br\/#organization","name":"Lermensys","url":"https:\/\/lermensys.com.br\/","logo":{"@type":"ImageObject","inLanguage":"es","@id":"https:\/\/lermensys.com.br\/#\/schema\/logo\/image\/","url":"https:\/\/lermensys.com.br\/wp-content\/uploads\/2023\/09\/Logo_LermenSys.png","contentUrl":"https:\/\/lermensys.com.br\/wp-content\/uploads\/2023\/09\/Logo_LermenSys.png","width":900,"height":240,"caption":"Lermensys"},"image":{"@id":"https:\/\/lermensys.com.br\/#\/schema\/logo\/image\/"},"sameAs":["https:\/\/www.facebook.com\/LermenSys","https:\/\/www.instagram.com\/lermensys\/","https:\/\/www.linkedin.com\/company\/lermensys\/"]}]}},"_links":{"self":[{"href":"https:\/\/lermensys.com.br\/es\/wp-json\/wp\/v2\/pages\/21861","targetHints":{"allow":["GET"]}}],"collection":[{"href":"https:\/\/lermensys.com.br\/es\/wp-json\/wp\/v2\/pages"}],"about":[{"href":"https:\/\/lermensys.com.br\/es\/wp-json\/wp\/v2\/types\/page"}],"author":[{"embeddable":true,"href":"https:\/\/lermensys.com.br\/es\/wp-json\/wp\/v2\/users\/1"}],"replies":[{"embeddable":true,"href":"https:\/\/lermensys.com.br\/es\/wp-json\/wp\/v2\/comments?post=21861"}],"version-history":[{"count":55,"href":"https:\/\/lermensys.com.br\/es\/wp-json\/wp\/v2\/pages\/21861\/revisions"}],"predecessor-version":[{"id":22633,"href":"https:\/\/lermensys.com.br\/es\/wp-json\/wp\/v2\/pages\/21861\/revisions\/22633"}],"wp:attachment":[{"href":"https:\/\/lermensys.com.br\/es\/wp-json\/wp\/v2\/media?parent=21861"}],"curies":[{"name":"wp","href":"https:\/\/api.w.org\/{rel}","templated":true}]}}