{"id":22313,"date":"2024-08-06T17:48:35","date_gmt":"2024-08-06T17:48:35","guid":{"rendered":"https:\/\/lermensys.com.br\/?page_id=22313"},"modified":"2025-10-08T17:01:14","modified_gmt":"2025-10-08T17:01:14","slug":"cases-sucesso-lermensys","status":"publish","type":"page","link":"https:\/\/lermensys.com.br\/es\/cases-sucesso-lermensys\/","title":{"rendered":"Cases"},"content":{"rendered":"<div data-elementor-type=\"wp-page\" data-elementor-id=\"22313\" class=\"elementor elementor-22313\" data-elementor-post-type=\"page\">\n\t\t\t\t<div class=\"elementor-element elementor-element-2841150b e-flex e-con-boxed e-con e-parent\" data-id=\"2841150b\" data-element_type=\"container\" data-e-type=\"container\" data-settings=\"{&quot;background_background&quot;:&quot;classic&quot;}\">\n\t\t\t\t\t<div class=\"e-con-inner\">\n\t\t<div class=\"elementor-element elementor-element-7e1d23fc e-con-full e-flex e-con e-child\" data-id=\"7e1d23fc\" data-element_type=\"container\" data-e-type=\"container\">\n\t\t\t\t<div class=\"elementor-element elementor-element-3c384c04 animated-fast elementor-invisible elementor-widget elementor-widget-elementskit-heading\" data-id=\"3c384c04\" data-element_type=\"widget\" data-e-type=\"widget\" data-settings=\"{&quot;_animation&quot;:&quot;fadeIn&quot;,&quot;_animation_delay&quot;:100,&quot;ekit_we_effect_on&quot;:&quot;none&quot;}\" data-widget_type=\"elementskit-heading.default\">\n\t\t\t\t<div class=\"elementor-widget-container\">\n\t\t\t\t\t<div class=\"ekit-wid-con\" ><div class=\"ekit-heading elementskit-section-title-wraper text_center   ekit_heading_tablet-   ekit_heading_mobile-\"><h1 class=\"ekit-heading--title elementskit-section-title\">Cases de <span><span>sucesso<\/span><\/span><\/h1>\t\t\t\t<div class='ekit-heading__description'>\n\t\t\t\t\t<p>Trouxemos alguns cases de sucesso que tivemos o prazer de participar e a confian\u00e7a dos nossos clientes para que possamos compartilhar<\/p>\n\t\t\t\t<\/div>\n\t\t\t<\/div><\/div>\t\t\t\t<\/div>\n\t\t\t\t<\/div>\n\t\t\t\t<div class=\"elementor-element elementor-element-9b424dc animated-fast elementor-invisible elementor-widget elementor-widget-elementskit-breadcrumb\" data-id=\"9b424dc\" data-element_type=\"widget\" data-e-type=\"widget\" data-settings=\"{&quot;_animation&quot;:&quot;fadeIn&quot;,&quot;_animation_delay&quot;:100,&quot;ekit_we_effect_on&quot;:&quot;none&quot;}\" data-widget_type=\"elementskit-breadcrumb.default\">\n\t\t\t\t<div class=\"elementor-widget-container\">\n\t\t\t\t\t<div class=\"ekit-wid-con\" ><ol class=\"ekit-breadcrumb\"><li class=\"ekit_breadcrumbs_start\"><a href=\"https:\/\/lermensys.com.br\/es\/\">Home<\/a><\/li> <li class=\"brd_sep\"><span class=\"separate_icon\"><i class=\"fas fa-chevron-right\"><\/i><\/span><\/li>  <li>Cases<\/li><\/ol><\/div>\t\t\t\t<\/div>\n\t\t\t\t<\/div>\n\t\t\t\t<\/div>\n\t\t\t\t\t<\/div>\n\t\t\t\t<\/div>\n\t\t<div class=\"elementor-element elementor-element-7ec0b23e e-flex e-con-boxed e-con e-parent\" data-id=\"7ec0b23e\" data-element_type=\"container\" data-e-type=\"container\">\n\t\t\t\t\t<div class=\"e-con-inner\">\n\t\t<div class=\"elementor-element elementor-element-719ce78 e-con-full e-flex e-con e-child\" data-id=\"719ce78\" data-element_type=\"container\" data-e-type=\"container\">\n\t\t<div class=\"elementor-element elementor-element-2d72f64e e-flex e-con-boxed e-con e-child\" data-id=\"2d72f64e\" data-element_type=\"container\" data-e-type=\"container\">\n\t\t\t\t\t<div class=\"e-con-inner\">\n\t\t\t\t<div class=\"elementor-element elementor-element-430fa15b animated-fast elementor-invisible elementor-widget elementor-widget-elementskit-heading\" data-id=\"430fa15b\" data-element_type=\"widget\" data-e-type=\"widget\" data-settings=\"{&quot;_animation&quot;:&quot;fadeIn&quot;,&quot;ekit_we_effect_on&quot;:&quot;none&quot;}\" data-widget_type=\"elementskit-heading.default\">\n\t\t\t\t<div class=\"elementor-widget-container\">\n\t\t\t\t\t<div class=\"ekit-wid-con\" ><div class=\"ekit-heading elementskit-section-title-wraper text_left   ekit_heading_tablet-   ekit_heading_mobile-\"><h6 class=\"elementskit-section-subtitle\">\n\t\t\t\t\t\tCASE RVB\n\t\t\t\t\t<\/h6><h2 class=\"ekit-heading--title elementskit-section-title\">Melhora da gest\u00e3o<br \/> e programa\u00e7\u00e3o da produ\u00e7\u00e3o<\/h2>\t\t\t\t<div class='ekit-heading__description'>\n\t\t\t\t\t<p class=\"p1\"><b>Como o nosso ERP EaSys, contribuiu para a RVB Malhas melhorar a sua gest\u00e3o e a sua programa\u00e7\u00e3o da produ\u00e7\u00e3o?<\/b><\/p>\n\t\t\t\t<\/div>\n\t\t\t<\/div><\/div>\t\t\t\t<\/div>\n\t\t\t\t<\/div>\n\t\t\t\t<div class=\"elementor-element elementor-element-6cfaadb elementor-widget elementor-widget-image\" data-id=\"6cfaadb\" data-element_type=\"widget\" data-e-type=\"widget\" data-settings=\"{&quot;ekit_we_effect_on&quot;:&quot;none&quot;}\" data-widget_type=\"image.default\">\n\t\t\t\t<div class=\"elementor-widget-container\">\n\t\t\t\t\t\t\t\t\t\t\t\t\t\t\t<img fetchpriority=\"high\" decoding=\"async\" width=\"625\" height=\"200\" src=\"https:\/\/lermensys.com.br\/wp-content\/uploads\/2024\/07\/rvb-logo.png\" class=\"attachment-full size-full wp-image-21574\" alt=\"\" srcset=\"https:\/\/lermensys.com.br\/wp-content\/uploads\/2024\/07\/rvb-logo.png 625w, https:\/\/lermensys.com.br\/wp-content\/uploads\/2024\/07\/rvb-logo-300x96.png 300w, https:\/\/lermensys.com.br\/wp-content\/uploads\/2024\/07\/rvb-logo-600x192.png 600w\" sizes=\"(max-width: 625px) 100vw, 625px\" \/>\t\t\t\t\t\t\t\t\t\t\t\t\t\t\t<\/div>\n\t\t\t\t<\/div>\n\t\t\t\t<div class=\"elementor-element elementor-element-5923baf elementor-widget elementor-widget-text-editor\" data-id=\"5923baf\" data-element_type=\"widget\" data-e-type=\"widget\" data-settings=\"{&quot;ekit_we_effect_on&quot;:&quot;none&quot;}\" data-widget_type=\"text-editor.default\">\n\t\t\t\t<div class=\"elementor-widget-container\">\n\t\t\t\t\t\t\t\t\t<p class=\"p1\">Especializada em malharia circular, a RVB Malhas \u00e9 uma empresa consolidada, com 32 anos de atua\u00e7\u00e3o na cidade de Brusque, estado de Santa Catarina.<\/p>\n<p class=\"p1\">Faz parte da hist\u00f3ria da Empresa a busca constante por inova\u00e7\u00e3o e tecnologia e com esse objetivo buscou parceria conosco para juntos revisarmos os seus processos entre as \u00e1reas de PPCP, Comercial e Produ\u00e7\u00e3o.&nbsp;<\/p>\n<p class=\"p1\">A solu\u00e7\u00e3o foi implantar o EaSys na f\u00e1brica. Como resultado, o PPCP passou a ter o controle e o planejamento da produ\u00e7\u00e3o em tempo real e a RVB Malhas passou a ter muito mais efici\u00eancia em seus processos produtivos, contribuindo diretamente na pontualidade no atendimento dos seus pedidos que superou 95% em 2022.<\/p>\t\t\t\t\t\t\t\t<\/div>\n\t\t\t\t<\/div>\n\t\t\t\t\t<\/div>\n\t\t\t\t<\/div>\n\t\t<div class=\"elementor-element elementor-element-34e2389 e-con-full e-flex e-con e-child\" data-id=\"34e2389\" data-element_type=\"container\" data-e-type=\"container\">\n\t\t\t\t<div class=\"elementor-element elementor-element-90a6dc3 animated-fast elementor-invisible elementor-widget elementor-widget-elementskit-heading\" data-id=\"90a6dc3\" data-element_type=\"widget\" data-e-type=\"widget\" data-settings=\"{&quot;_animation&quot;:&quot;fadeIn&quot;,&quot;ekit_we_effect_on&quot;:&quot;none&quot;}\" data-widget_type=\"elementskit-heading.default\">\n\t\t\t\t<div class=\"elementor-widget-container\">\n\t\t\t\t\t<div class=\"ekit-wid-con\" ><div class=\"ekit-heading elementskit-section-title-wraper text_left   ekit_heading_tablet-   ekit_heading_mobile-\"><h6 class=\"elementskit-section-subtitle\">\n\t\t\t\t\t\tCASE ROVITEX\n\t\t\t\t\t<\/h6><h2 class=\"ekit-heading--title elementskit-section-title\">Automatiza\u00e7\u00e3o na<br \/> classifica\u00e7\u00e3o e separa\u00e7\u00e3o de pedidos<\/h2>\t\t\t\t<div class='ekit-heading__description'>\n\t\t\t\t\t<p class=\"p1\"><strong>A Rovitex utiliza o avan\u00e7ado sistema automatizado de separa\u00e7\u00e3o de pedidos, o OPTSORTER!<\/strong><\/p>\n\t\t\t\t<\/div>\n\t\t\t<\/div><\/div>\t\t\t\t<\/div>\n\t\t\t\t<\/div>\n\t\t\t\t<div class=\"elementor-element elementor-element-b6831c2 elementor-widget elementor-widget-image\" data-id=\"b6831c2\" data-element_type=\"widget\" data-e-type=\"widget\" data-settings=\"{&quot;ekit_we_effect_on&quot;:&quot;none&quot;}\" data-widget_type=\"image.default\">\n\t\t\t\t<div class=\"elementor-widget-container\">\n\t\t\t\t\t\t\t\t\t\t\t\t\t\t\t<img decoding=\"async\" width=\"625\" height=\"200\" src=\"https:\/\/lermensys.com.br\/wp-content\/uploads\/2024\/08\/rovitex-logo.png\" class=\"attachment-full size-full wp-image-22384\" alt=\"\" srcset=\"https:\/\/lermensys.com.br\/wp-content\/uploads\/2024\/08\/rovitex-logo.png 625w, https:\/\/lermensys.com.br\/wp-content\/uploads\/2024\/08\/rovitex-logo-300x96.png 300w, https:\/\/lermensys.com.br\/wp-content\/uploads\/2024\/08\/rovitex-logo-600x192.png 600w\" sizes=\"(max-width: 625px) 100vw, 625px\" \/>\t\t\t\t\t\t\t\t\t\t\t\t\t\t\t<\/div>\n\t\t\t\t<\/div>\n\t\t\t\t<div class=\"elementor-element elementor-element-62b9fc8 elementor-widget elementor-widget-text-editor\" data-id=\"62b9fc8\" data-element_type=\"widget\" data-e-type=\"widget\" data-settings=\"{&quot;ekit_we_effect_on&quot;:&quot;none&quot;}\" data-widget_type=\"text-editor.default\">\n\t\t\t\t<div class=\"elementor-widget-container\">\n\t\t\t\t\t\t\t\t\t<p class=\"p1\">O SORTER \u00e9 uma tecnologia avan\u00e7ada de automa\u00e7\u00e3o destinada a otimizar a classifica\u00e7\u00e3o e separa\u00e7\u00e3o dos pedidos por cliente pr\u00e9-definido. Depois de separados, os pedidos s\u00e3o encaminhados a esse sistema, que se encarrega de distribuir cada caixa\/pacote em diferentes esta\u00e7\u00f5es de embalagem.<\/p><p class=\"p1\">Fomos respons\u00e1veis por toda a integra\u00e7\u00e3o com essa tecnologia inovadora, desde o processo de gera\u00e7\u00e3o das Ondas, separa\u00e7\u00e3o dos pedidos e o envio das informa\u00e7\u00f5es para o Sorter, garantindo ao cliente, uma log\u00edstica eficiente e otimizada at\u00e9 o faturamento.<\/p><p class=\"p1\"><span style=\"color: inherit; font-family: var(--e-global-typography-text-font-family); font-size: var(--font-size-paragraphs); font-weight: var(--e-global-typography-text-font-weight); letter-spacing: 0em; text-align: inherit;\">Essa automa\u00e7\u00e3o trouxe muito mais agilidade, seguran\u00e7a, precis\u00e3o e uma jornada mais leve para os colaboradores operacionais.<\/span><\/p>\t\t\t\t\t\t\t\t<\/div>\n\t\t\t\t<\/div>\n\t\t\t\t<\/div>\n\t\t\t\t<\/div>\n\t\t\t\t\t<\/div>\n\t\t\t\t<\/div>\n\t\t<div class=\"elementor-element elementor-element-3e448075 e-flex e-con-boxed e-con e-parent\" data-id=\"3e448075\" data-element_type=\"container\" data-e-type=\"container\" data-settings=\"{&quot;background_background&quot;:&quot;classic&quot;}\">\n\t\t\t\t\t<div class=\"e-con-inner\">\n\t\t\t\t<div class=\"elementor-element elementor-element-43cc2a67 elementor-widget__width-inherit elementor-absolute animated-fast elementor-invisible elementor-widget elementor-widget-image\" data-id=\"43cc2a67\" data-element_type=\"widget\" data-e-type=\"widget\" data-settings=\"{&quot;_position&quot;:&quot;absolute&quot;,&quot;_animation&quot;:&quot;slideInUp&quot;,&quot;_animation_delay&quot;:200,&quot;ekit_we_effect_on&quot;:&quot;none&quot;}\" data-widget_type=\"image.default\">\n\t\t\t\t<div class=\"elementor-widget-container\">\n\t\t\t\t\t\t\t\t\t\t\t\t\t\t\t<img decoding=\"async\" width=\"768\" height=\"384\" src=\"https:\/\/lermensys.com.br\/wp-content\/uploads\/2023\/09\/crm-shape-2.svg\" class=\"attachment-large size-large wp-image-21256\" alt=\"\" \/>\t\t\t\t\t\t\t\t\t\t\t\t\t\t\t<\/div>\n\t\t\t\t<\/div>\n\t\t<div class=\"elementor-element elementor-element-404f3be5 e-con-full e-flex e-con e-child\" data-id=\"404f3be5\" data-element_type=\"container\" data-e-type=\"container\">\n\t\t\t\t<div class=\"elementor-element elementor-element-499fef2d animated-fast elementor-invisible elementor-widget elementor-widget-elementskit-heading\" data-id=\"499fef2d\" data-element_type=\"widget\" data-e-type=\"widget\" data-settings=\"{&quot;_animation&quot;:&quot;fadeIn&quot;,&quot;_animation_delay&quot;:100,&quot;ekit_we_effect_on&quot;:&quot;none&quot;}\" data-widget_type=\"elementskit-heading.default\">\n\t\t\t\t<div class=\"elementor-widget-container\">\n\t\t\t\t\t<div class=\"ekit-wid-con\" ><div class=\"ekit-heading elementskit-section-title-wraper text_left   ekit_heading_tablet-   ekit_heading_mobile-\"><h6 class=\"elementskit-section-subtitle   ekit-heading__subtitle-has-border\">\n\t\t\t\t\t\tVAMOS COME\u00c7AR\n\t\t\t\t\t<\/h6><h2 class=\"ekit-heading--title elementskit-section-title\">Pronto para <span><span>potencializar<\/span><\/span> o seu neg\u00f3cio?<\/h2>\t\t\t\t<div class='ekit-heading__description'>\n\t\t\t\t\t<p>Aumente as vendas e mantenha-se \u00e0 frente no mercado competitivo sendo um dos primeiros a beneficiar das nossas solu\u00e7\u00f5es revolucion\u00e1rias.<\/p>\n\t\t\t\t<\/div>\n\t\t\t<\/div><\/div>\t\t\t\t<\/div>\n\t\t\t\t<\/div>\n\t\t\t\t<div class=\"elementor-element elementor-element-6e25fdfd animated-fast elementor-widget-divider--view-line elementor-invisible elementor-widget elementor-widget-divider\" data-id=\"6e25fdfd\" data-element_type=\"widget\" data-e-type=\"widget\" data-settings=\"{&quot;_animation&quot;:&quot;fadeIn&quot;,&quot;_animation_delay&quot;:100,&quot;ekit_we_effect_on&quot;:&quot;none&quot;}\" data-widget_type=\"divider.default\">\n\t\t\t\t<div class=\"elementor-widget-container\">\n\t\t\t\t\t\t\t<div class=\"elementor-divider\">\n\t\t\t<span class=\"elementor-divider-separator\">\n\t\t\t\t\t\t<\/span>\n\t\t<\/div>\n\t\t\t\t\t\t<\/div>\n\t\t\t\t<\/div>\n\t\t<div class=\"elementor-element elementor-element-6e54adff e-con-full e-flex e-con e-child\" data-id=\"6e54adff\" data-element_type=\"container\" data-e-type=\"container\">\n\t\t\t\t<div class=\"elementor-element elementor-element-f4db9af elementor-align-left elementor-widget__width-auto animated-fast elementor-invisible elementor-widget elementor-widget-elementskit-button\" data-id=\"f4db9af\" data-element_type=\"widget\" data-e-type=\"widget\" data-settings=\"{&quot;_animation&quot;:&quot;pulse&quot;,&quot;_animation_delay&quot;:200,&quot;ekit_we_effect_on&quot;:&quot;none&quot;}\" data-widget_type=\"elementskit-button.default\">\n\t\t\t\t<div class=\"elementor-widget-container\">\n\t\t\t\t\t<div class=\"ekit-wid-con\" >\t\t<div class=\"ekit-btn-wraper\">\n\t\t\t\t\t\t\t<a href=\"https:\/\/lermensys.com.br\/es\/contato\/\" class=\"elementskit-btn  whitespace--normal\" id=\"\">\n\t\t\t\t\tQuero Agendar uma Demo\t\t\t\t<\/a>\n\t\t\t\t\t<\/div>\n        <\/div>\t\t\t\t<\/div>\n\t\t\t\t<\/div>\n\t\t\t\t<div class=\"elementor-element elementor-element-238bf24e elementor-align-left elementor-widget__width-auto animated-fast elementor-invisible elementor-widget elementor-widget-elementskit-button\" data-id=\"238bf24e\" data-element_type=\"widget\" data-e-type=\"widget\" data-settings=\"{&quot;_animation&quot;:&quot;fadeIn&quot;,&quot;_animation_delay&quot;:200,&quot;ekit_we_effect_on&quot;:&quot;none&quot;}\" data-widget_type=\"elementskit-button.default\">\n\t\t\t\t<div class=\"elementor-widget-container\">\n\t\t\t\t\t<div class=\"ekit-wid-con\" >\t\t<div class=\"ekit-btn-wraper\">\n\t\t\t\t\t\t\t<a href=\"https:\/\/lermensys.com.br\/es\/faq\/\" class=\"elementskit-btn  whitespace--normal\" id=\"\">\n\t\t\t\t\tTenho D\u00favidas\t\t\t\t<\/a>\n\t\t\t\t\t<\/div>\n        <\/div>\t\t\t\t<\/div>\n\t\t\t\t<\/div>\n\t\t\t\t<\/div>\n\t\t\t\t<\/div>\n\t\t<div class=\"elementor-element elementor-element-721430a2 e-con-full e-flex e-con e-child\" data-id=\"721430a2\" data-element_type=\"container\" data-e-type=\"container\">\n\t\t\t\t<div class=\"elementor-element elementor-element-578bc419 elementor-widget__width-inherit animated-fast elementor-invisible elementor-widget elementor-widget-image\" data-id=\"578bc419\" data-element_type=\"widget\" data-e-type=\"widget\" data-settings=\"{&quot;_animation&quot;:&quot;fadeInUp&quot;,&quot;_animation_delay&quot;:200,&quot;ekit_we_effect_on&quot;:&quot;none&quot;}\" data-widget_type=\"image.default\">\n\t\t\t\t<div class=\"elementor-widget-container\">\n\t\t\t\t\t\t\t\t\t\t\t\t\t\t\t<img loading=\"lazy\" decoding=\"async\" width=\"752\" height=\"423\" src=\"https:\/\/lermensys.com.br\/wp-content\/uploads\/2024\/08\/crm-mockup-cta.png\" class=\"attachment-full size-full wp-image-22209\" alt=\"\" srcset=\"https:\/\/lermensys.com.br\/wp-content\/uploads\/2024\/08\/crm-mockup-cta.png 752w, https:\/\/lermensys.com.br\/wp-content\/uploads\/2024\/08\/crm-mockup-cta-300x169.png 300w, https:\/\/lermensys.com.br\/wp-content\/uploads\/2024\/08\/crm-mockup-cta-710x399.png 710w, https:\/\/lermensys.com.br\/wp-content\/uploads\/2024\/08\/crm-mockup-cta-600x338.png 600w\" sizes=\"(max-width: 752px) 100vw, 752px\" \/>\t\t\t\t\t\t\t\t\t\t\t\t\t\t\t<\/div>\n\t\t\t\t<\/div>\n\t\t\t\t<\/div>\n\t\t\t\t\t<\/div>\n\t\t\t\t<\/div>\n\t\t\t\t<\/div>","protected":false},"excerpt":{"rendered":"<p>Cases de sucesso Trouxemos alguns cases de sucesso que tivemos o prazer de participar e a confian\u00e7a dos nossos clientes para que possamos compartilhar Home CASE RVB Melhora da gest\u00e3o e programa\u00e7\u00e3o da produ\u00e7\u00e3o Como o nosso ERP EaSys, contribuiu para a RVB Malhas melhorar a sua gest\u00e3o e a sua programa\u00e7\u00e3o da produ\u00e7\u00e3o? Especializada [&hellip;]<\/p>\n","protected":false},"author":1,"featured_media":0,"parent":0,"menu_order":0,"comment_status":"closed","ping_status":"closed","template":"","meta":{"footnotes":""},"class_list":["post-22313","page","type-page","status-publish","hentry"],"yoast_head":"<!-- This site is optimized with the Yoast SEO plugin v26.9 - https:\/\/yoast.com\/product\/yoast-seo-wordpress\/ -->\n<title>LermenSys - Como o ERP impulsiona a efici\u00eancia na ind\u00fastria t\u00eaxtil<\/title>\n<meta name=\"description\" content=\"Conhe\u00e7a os cases de sucesso da LermenSys e veja como nossas solu\u00e7\u00f5es tecnol\u00f3gicas ajudam empresas do setor t\u00eaxtil a otimizar os processos\" \/>\n<meta name=\"robots\" content=\"index, follow, max-snippet:-1, max-image-preview:large, max-video-preview:-1\" \/>\n<link rel=\"canonical\" href=\"https:\/\/lermensys.com.br\/es\/cases-sucesso-lermensys\/\" \/>\n<meta property=\"og:locale\" content=\"es_ES\" \/>\n<meta property=\"og:type\" content=\"article\" \/>\n<meta property=\"og:title\" content=\"LermenSys - Como o ERP impulsiona a efici\u00eancia na ind\u00fastria t\u00eaxtil\" \/>\n<meta property=\"og:description\" content=\"Conhe\u00e7a os cases de sucesso da LermenSys e veja como nossas solu\u00e7\u00f5es tecnol\u00f3gicas ajudam empresas do setor t\u00eaxtil a otimizar os processos\" \/>\n<meta property=\"og:url\" content=\"https:\/\/lermensys.com.br\/es\/cases-sucesso-lermensys\/\" \/>\n<meta property=\"og:site_name\" content=\"Lermensys\" \/>\n<meta property=\"article:publisher\" content=\"https:\/\/www.facebook.com\/LermenSys\" \/>\n<meta property=\"article:modified_time\" content=\"2025-10-08T17:01:14+00:00\" \/>\n<meta property=\"og:image\" content=\"https:\/\/lermensys.com.br\/wp-content\/uploads\/2024\/07\/rvb-logo.png\" \/>\n<meta name=\"twitter:card\" content=\"summary_large_image\" \/>\n<script type=\"application\/ld+json\" class=\"yoast-schema-graph\">{\"@context\":\"https:\/\/schema.org\",\"@graph\":[{\"@type\":\"WebPage\",\"@id\":\"https:\/\/lermensys.com.br\/cases-sucesso-lermensys\/\",\"url\":\"https:\/\/lermensys.com.br\/cases-sucesso-lermensys\/\",\"name\":\"LermenSys - Como o ERP impulsiona a efici\u00eancia na ind\u00fastria t\u00eaxtil\",\"isPartOf\":{\"@id\":\"https:\/\/lermensys.com.br\/#website\"},\"primaryImageOfPage\":{\"@id\":\"https:\/\/lermensys.com.br\/cases-sucesso-lermensys\/#primaryimage\"},\"image\":{\"@id\":\"https:\/\/lermensys.com.br\/cases-sucesso-lermensys\/#primaryimage\"},\"thumbnailUrl\":\"https:\/\/lermensys.com.br\/wp-content\/uploads\/2024\/07\/rvb-logo.png\",\"datePublished\":\"2024-08-06T17:48:35+00:00\",\"dateModified\":\"2025-10-08T17:01:14+00:00\",\"description\":\"Conhe\u00e7a os cases de sucesso da LermenSys e veja como nossas solu\u00e7\u00f5es tecnol\u00f3gicas ajudam empresas do setor t\u00eaxtil a otimizar os processos\",\"breadcrumb\":{\"@id\":\"https:\/\/lermensys.com.br\/cases-sucesso-lermensys\/#breadcrumb\"},\"inLanguage\":\"es\",\"potentialAction\":[{\"@type\":\"ReadAction\",\"target\":[\"https:\/\/lermensys.com.br\/cases-sucesso-lermensys\/\"]}]},{\"@type\":\"ImageObject\",\"inLanguage\":\"es\",\"@id\":\"https:\/\/lermensys.com.br\/cases-sucesso-lermensys\/#primaryimage\",\"url\":\"https:\/\/lermensys.com.br\/wp-content\/uploads\/2024\/07\/rvb-logo.png\",\"contentUrl\":\"https:\/\/lermensys.com.br\/wp-content\/uploads\/2024\/07\/rvb-logo.png\"},{\"@type\":\"BreadcrumbList\",\"@id\":\"https:\/\/lermensys.com.br\/cases-sucesso-lermensys\/#breadcrumb\",\"itemListElement\":[{\"@type\":\"ListItem\",\"position\":1,\"name\":\"In\u00edcio\",\"item\":\"https:\/\/lermensys.com.br\/\"},{\"@type\":\"ListItem\",\"position\":2,\"name\":\"Cases\"}]},{\"@type\":\"WebSite\",\"@id\":\"https:\/\/lermensys.com.br\/#website\",\"url\":\"https:\/\/lermensys.com.br\/\",\"name\":\"Lermensys\",\"description\":\"Software de Gest\u00e3o para a Ind\u00fastria T\u00eaxtil e de Confec\u00e7\u00e3o\",\"publisher\":{\"@id\":\"https:\/\/lermensys.com.br\/#organization\"},\"potentialAction\":[{\"@type\":\"SearchAction\",\"target\":{\"@type\":\"EntryPoint\",\"urlTemplate\":\"https:\/\/lermensys.com.br\/?s={search_term_string}\"},\"query-input\":{\"@type\":\"PropertyValueSpecification\",\"valueRequired\":true,\"valueName\":\"search_term_string\"}}],\"inLanguage\":\"es\"},{\"@type\":\"Organization\",\"@id\":\"https:\/\/lermensys.com.br\/#organization\",\"name\":\"Lermensys\",\"url\":\"https:\/\/lermensys.com.br\/\",\"logo\":{\"@type\":\"ImageObject\",\"inLanguage\":\"es\",\"@id\":\"https:\/\/lermensys.com.br\/#\/schema\/logo\/image\/\",\"url\":\"https:\/\/lermensys.com.br\/wp-content\/uploads\/2023\/09\/Logo_LermenSys.png\",\"contentUrl\":\"https:\/\/lermensys.com.br\/wp-content\/uploads\/2023\/09\/Logo_LermenSys.png\",\"width\":900,\"height\":240,\"caption\":\"Lermensys\"},\"image\":{\"@id\":\"https:\/\/lermensys.com.br\/#\/schema\/logo\/image\/\"},\"sameAs\":[\"https:\/\/www.facebook.com\/LermenSys\",\"https:\/\/www.instagram.com\/lermensys\/\",\"https:\/\/www.linkedin.com\/company\/lermensys\/\"]}]}<\/script>\n<!-- \/ Yoast SEO plugin. -->","yoast_head_json":{"title":"LermenSys - Como o ERP impulsiona a efici\u00eancia na ind\u00fastria t\u00eaxtil","description":"Conhe\u00e7a os cases de sucesso da LermenSys e veja como nossas solu\u00e7\u00f5es tecnol\u00f3gicas ajudam empresas do setor t\u00eaxtil a otimizar os processos","robots":{"index":"index","follow":"follow","max-snippet":"max-snippet:-1","max-image-preview":"max-image-preview:large","max-video-preview":"max-video-preview:-1"},"canonical":"https:\/\/lermensys.com.br\/es\/cases-sucesso-lermensys\/","og_locale":"es_ES","og_type":"article","og_title":"LermenSys - Como o ERP impulsiona a efici\u00eancia na ind\u00fastria t\u00eaxtil","og_description":"Conhe\u00e7a os cases de sucesso da LermenSys e veja como nossas solu\u00e7\u00f5es tecnol\u00f3gicas ajudam empresas do setor t\u00eaxtil a otimizar os processos","og_url":"https:\/\/lermensys.com.br\/es\/cases-sucesso-lermensys\/","og_site_name":"Lermensys","article_publisher":"https:\/\/www.facebook.com\/LermenSys","article_modified_time":"2025-10-08T17:01:14+00:00","og_image":[{"url":"https:\/\/lermensys.com.br\/wp-content\/uploads\/2024\/07\/rvb-logo.png","type":"","width":"","height":""}],"twitter_card":"summary_large_image","schema":{"@context":"https:\/\/schema.org","@graph":[{"@type":"WebPage","@id":"https:\/\/lermensys.com.br\/cases-sucesso-lermensys\/","url":"https:\/\/lermensys.com.br\/cases-sucesso-lermensys\/","name":"LermenSys - Como o ERP impulsiona a efici\u00eancia na ind\u00fastria t\u00eaxtil","isPartOf":{"@id":"https:\/\/lermensys.com.br\/#website"},"primaryImageOfPage":{"@id":"https:\/\/lermensys.com.br\/cases-sucesso-lermensys\/#primaryimage"},"image":{"@id":"https:\/\/lermensys.com.br\/cases-sucesso-lermensys\/#primaryimage"},"thumbnailUrl":"https:\/\/lermensys.com.br\/wp-content\/uploads\/2024\/07\/rvb-logo.png","datePublished":"2024-08-06T17:48:35+00:00","dateModified":"2025-10-08T17:01:14+00:00","description":"Conhe\u00e7a os cases de sucesso da LermenSys e veja como nossas solu\u00e7\u00f5es tecnol\u00f3gicas ajudam empresas do setor t\u00eaxtil a otimizar os processos","breadcrumb":{"@id":"https:\/\/lermensys.com.br\/cases-sucesso-lermensys\/#breadcrumb"},"inLanguage":"es","potentialAction":[{"@type":"ReadAction","target":["https:\/\/lermensys.com.br\/cases-sucesso-lermensys\/"]}]},{"@type":"ImageObject","inLanguage":"es","@id":"https:\/\/lermensys.com.br\/cases-sucesso-lermensys\/#primaryimage","url":"https:\/\/lermensys.com.br\/wp-content\/uploads\/2024\/07\/rvb-logo.png","contentUrl":"https:\/\/lermensys.com.br\/wp-content\/uploads\/2024\/07\/rvb-logo.png"},{"@type":"BreadcrumbList","@id":"https:\/\/lermensys.com.br\/cases-sucesso-lermensys\/#breadcrumb","itemListElement":[{"@type":"ListItem","position":1,"name":"In\u00edcio","item":"https:\/\/lermensys.com.br\/"},{"@type":"ListItem","position":2,"name":"Cases"}]},{"@type":"WebSite","@id":"https:\/\/lermensys.com.br\/#website","url":"https:\/\/lermensys.com.br\/","name":"Lermensys","description":"Software de Gest\u00e3o para a Ind\u00fastria T\u00eaxtil e de Confec\u00e7\u00e3o","publisher":{"@id":"https:\/\/lermensys.com.br\/#organization"},"potentialAction":[{"@type":"SearchAction","target":{"@type":"EntryPoint","urlTemplate":"https:\/\/lermensys.com.br\/?s={search_term_string}"},"query-input":{"@type":"PropertyValueSpecification","valueRequired":true,"valueName":"search_term_string"}}],"inLanguage":"es"},{"@type":"Organization","@id":"https:\/\/lermensys.com.br\/#organization","name":"Lermensys","url":"https:\/\/lermensys.com.br\/","logo":{"@type":"ImageObject","inLanguage":"es","@id":"https:\/\/lermensys.com.br\/#\/schema\/logo\/image\/","url":"https:\/\/lermensys.com.br\/wp-content\/uploads\/2023\/09\/Logo_LermenSys.png","contentUrl":"https:\/\/lermensys.com.br\/wp-content\/uploads\/2023\/09\/Logo_LermenSys.png","width":900,"height":240,"caption":"Lermensys"},"image":{"@id":"https:\/\/lermensys.com.br\/#\/schema\/logo\/image\/"},"sameAs":["https:\/\/www.facebook.com\/LermenSys","https:\/\/www.instagram.com\/lermensys\/","https:\/\/www.linkedin.com\/company\/lermensys\/"]}]}},"_links":{"self":[{"href":"https:\/\/lermensys.com.br\/es\/wp-json\/wp\/v2\/pages\/22313","targetHints":{"allow":["GET"]}}],"collection":[{"href":"https:\/\/lermensys.com.br\/es\/wp-json\/wp\/v2\/pages"}],"about":[{"href":"https:\/\/lermensys.com.br\/es\/wp-json\/wp\/v2\/types\/page"}],"author":[{"embeddable":true,"href":"https:\/\/lermensys.com.br\/es\/wp-json\/wp\/v2\/users\/1"}],"replies":[{"embeddable":true,"href":"https:\/\/lermensys.com.br\/es\/wp-json\/wp\/v2\/comments?post=22313"}],"version-history":[{"count":25,"href":"https:\/\/lermensys.com.br\/es\/wp-json\/wp\/v2\/pages\/22313\/revisions"}],"predecessor-version":[{"id":22869,"href":"https:\/\/lermensys.com.br\/es\/wp-json\/wp\/v2\/pages\/22313\/revisions\/22869"}],"wp:attachment":[{"href":"https:\/\/lermensys.com.br\/es\/wp-json\/wp\/v2\/media?parent=22313"}],"curies":[{"name":"wp","href":"https:\/\/api.w.org\/{rel}","templated":true}]}}