{"id":23386,"date":"2025-03-04T14:20:37","date_gmt":"2025-03-04T14:20:37","guid":{"rendered":"https:\/\/lermensys.com.br\/?page_id=23386"},"modified":"2025-10-08T17:20:31","modified_gmt":"2025-10-08T17:20:31","slug":"lermenacademy","status":"publish","type":"page","link":"https:\/\/lermensys.com.br\/es\/lermenacademy\/","title":{"rendered":"LermenAcademy"},"content":{"rendered":"<div data-elementor-type=\"wp-page\" data-elementor-id=\"23386\" class=\"elementor elementor-23386\" data-elementor-post-type=\"page\">\n\t\t\t\t<div class=\"elementor-element elementor-element-2841150b e-flex e-con-boxed e-con e-parent\" data-id=\"2841150b\" data-element_type=\"container\" data-e-type=\"container\" data-settings=\"{&quot;background_background&quot;:&quot;classic&quot;}\">\n\t\t\t\t\t<div class=\"e-con-inner\">\n\t\t\t\t<div class=\"elementor-element elementor-element-868dc41 elementor-widget__width-initial elementor-widget elementor-widget-image\" data-id=\"868dc41\" data-element_type=\"widget\" data-e-type=\"widget\" data-settings=\"{&quot;ekit_we_effect_on&quot;:&quot;none&quot;}\" data-widget_type=\"image.default\">\n\t\t\t\t<div class=\"elementor-widget-container\">\n\t\t\t\t\t\t\t\t\t\t\t\t\t\t\t<img fetchpriority=\"high\" decoding=\"async\" width=\"300\" height=\"283\" src=\"https:\/\/lermensys.com.br\/wp-content\/uploads\/2025\/03\/OT11BI1-300x283.png\" class=\"attachment-medium size-medium wp-image-23461\" alt=\"\" srcset=\"https:\/\/lermensys.com.br\/wp-content\/uploads\/2025\/03\/OT11BI1-300x283.png 300w, https:\/\/lermensys.com.br\/wp-content\/uploads\/2025\/03\/OT11BI1-1024x966.png 1024w, https:\/\/lermensys.com.br\/wp-content\/uploads\/2025\/03\/OT11BI1-768x725.png 768w, https:\/\/lermensys.com.br\/wp-content\/uploads\/2025\/03\/OT11BI1-1536x1449.png 1536w, https:\/\/lermensys.com.br\/wp-content\/uploads\/2025\/03\/OT11BI1-2048x1932.png 2048w, https:\/\/lermensys.com.br\/wp-content\/uploads\/2025\/03\/OT11BI1-710x670.png 710w\" sizes=\"(max-width: 300px) 100vw, 300px\" \/>\t\t\t\t\t\t\t\t\t\t\t\t\t\t\t<\/div>\n\t\t\t\t<\/div>\n\t\t<div class=\"elementor-element elementor-element-7e1d23fc e-con-full e-flex e-con e-child\" data-id=\"7e1d23fc\" data-element_type=\"container\" data-e-type=\"container\">\n\t\t\t\t<div class=\"elementor-element elementor-element-3c384c04 animated-fast elementor-invisible elementor-widget elementor-widget-elementskit-heading\" data-id=\"3c384c04\" data-element_type=\"widget\" data-e-type=\"widget\" data-settings=\"{&quot;_animation&quot;:&quot;fadeIn&quot;,&quot;_animation_delay&quot;:100,&quot;ekit_we_effect_on&quot;:&quot;none&quot;}\" data-widget_type=\"elementskit-heading.default\">\n\t\t\t\t<div class=\"elementor-widget-container\">\n\t\t\t\t\t<div class=\"ekit-wid-con\" ><div class=\"ekit-heading elementskit-section-title-wraper text_center   ekit_heading_tablet-   ekit_heading_mobile-\"><h1 class=\"ekit-heading--title elementskit-section-title\">Cursos e treinamentos online <\/br><span><span>para a ind\u00fastria t\u00eaxtil e confec\u00e7\u00e3o<\/span><\/span> <\/br>LermenAcademy<\/h1>\t\t\t\t<div class='ekit-heading__description'>\n\t\t\t\t\t<p>A <strong>LermenAcademy<\/strong> \u00e9 uma universidade corporativa criada especialmente para quem trabalha no setor t\u00eaxtil e confec\u00e7\u00e3o e que deseja aprimorar habilidades com foco na gest\u00e3o, produ\u00e7\u00e3o e inova\u00e7\u00e3o.<\/p>\n\t\t\t\t<\/div>\n\t\t\t<\/div><\/div>\t\t\t\t<\/div>\n\t\t\t\t<\/div>\n\t\t\t\t<div class=\"elementor-element elementor-element-9b424dc animated-fast elementor-invisible elementor-widget elementor-widget-elementskit-breadcrumb\" data-id=\"9b424dc\" data-element_type=\"widget\" data-e-type=\"widget\" data-settings=\"{&quot;_animation&quot;:&quot;fadeIn&quot;,&quot;_animation_delay&quot;:100,&quot;ekit_we_effect_on&quot;:&quot;none&quot;}\" data-widget_type=\"elementskit-breadcrumb.default\">\n\t\t\t\t<div class=\"elementor-widget-container\">\n\t\t\t\t\t<div class=\"ekit-wid-con\" ><ol class=\"ekit-breadcrumb\"><li class=\"ekit_breadcrumbs_start\"><a href=\"https:\/\/lermensys.com.br\/es\/\">Home<\/a><\/li> <li class=\"brd_sep\"><span class=\"separate_icon\"><i class=\"fas fa-chevron-right\"><\/i><\/span><\/li>  <li>LermenAcademy<\/li><\/ol><\/div>\t\t\t\t<\/div>\n\t\t\t\t<\/div>\n\t\t\t\t<div class=\"elementor-element elementor-element-5d0b41d elementor-widget elementor-widget-spacer\" data-id=\"5d0b41d\" data-element_type=\"widget\" data-e-type=\"widget\" data-settings=\"{&quot;ekit_we_effect_on&quot;:&quot;none&quot;}\" data-widget_type=\"spacer.default\">\n\t\t\t\t<div class=\"elementor-widget-container\">\n\t\t\t\t\t\t\t<div class=\"elementor-spacer\">\n\t\t\t<div class=\"elementor-spacer-inner\"><\/div>\n\t\t<\/div>\n\t\t\t\t\t\t<\/div>\n\t\t\t\t<\/div>\n\t\t\t\t<div class=\"elementor-element elementor-element-f08dece elementor-widget__width-initial elementor-widget elementor-widget-image\" data-id=\"f08dece\" data-element_type=\"widget\" data-e-type=\"widget\" data-settings=\"{&quot;ekit_we_effect_on&quot;:&quot;none&quot;}\" data-widget_type=\"image.default\">\n\t\t\t\t<div class=\"elementor-widget-container\">\n\t\t\t\t\t\t\t\t\t\t\t\t\t\t\t\t<a href=\"https:\/\/academy.lermensys.com.br\" target=\"_blank\">\n\t\t\t\t\t\t\t<img decoding=\"async\" width=\"710\" height=\"109\" src=\"https:\/\/lermensys.com.br\/wp-content\/uploads\/2025\/03\/LA-710x109.png\" class=\"attachment-keydesign-medium-image size-keydesign-medium-image wp-image-23451\" alt=\"\" srcset=\"https:\/\/lermensys.com.br\/wp-content\/uploads\/2025\/03\/LA-710x109.png 710w, https:\/\/lermensys.com.br\/wp-content\/uploads\/2025\/03\/LA-300x46.png 300w, https:\/\/lermensys.com.br\/wp-content\/uploads\/2025\/03\/LA-1024x158.png 1024w, https:\/\/lermensys.com.br\/wp-content\/uploads\/2025\/03\/LA-768x118.png 768w, https:\/\/lermensys.com.br\/wp-content\/uploads\/2025\/03\/LA-1536x237.png 1536w, https:\/\/lermensys.com.br\/wp-content\/uploads\/2025\/03\/LA-2048x316.png 2048w\" sizes=\"(max-width: 710px) 100vw, 710px\" \/>\t\t\t\t\t\t\t\t<\/a>\n\t\t\t\t\t\t\t\t\t\t\t\t\t\t\t<\/div>\n\t\t\t\t<\/div>\n\t\t\t\t<div class=\"elementor-element elementor-element-915ba42 elementor-widget elementor-widget-spacer\" data-id=\"915ba42\" data-element_type=\"widget\" data-e-type=\"widget\" data-settings=\"{&quot;ekit_we_effect_on&quot;:&quot;none&quot;}\" data-widget_type=\"spacer.default\">\n\t\t\t\t<div class=\"elementor-widget-container\">\n\t\t\t\t\t\t\t<div class=\"elementor-spacer\">\n\t\t\t<div class=\"elementor-spacer-inner\"><\/div>\n\t\t<\/div>\n\t\t\t\t\t\t<\/div>\n\t\t\t\t<\/div>\n\t\t\t\t<div class=\"elementor-element elementor-element-2bd085d elementor-align-center elementor-widget elementor-widget-button\" data-id=\"2bd085d\" data-element_type=\"widget\" data-e-type=\"widget\" data-settings=\"{&quot;ekit_we_effect_on&quot;:&quot;none&quot;}\" data-widget_type=\"button.default\">\n\t\t\t\t<div class=\"elementor-widget-container\">\n\t\t\t\t\t\t\t\t\t<div class=\"elementor-button-wrapper\">\n\t\t\t\t\t<a class=\"elementor-button elementor-button-link elementor-size-sm\" href=\"https:\/\/academy.lermensys.com.br\" target=\"_blank\">\n\t\t\t\t\t\t<span class=\"elementor-button-content-wrapper\">\n\t\t\t\t\t\t<span class=\"elementor-button-icon\">\n\t\t\t\t<i aria-hidden=\"true\" class=\"far fa-hand-point-right\"><\/i>\t\t\t<\/span>\n\t\t\t\t\t\t\t\t\t<span class=\"elementor-button-text\">Clique aqui para acessar a plataforma<\/span>\n\t\t\t\t\t<\/span>\n\t\t\t\t\t<\/a>\n\t\t\t\t<\/div>\n\t\t\t\t\t\t\t\t<\/div>\n\t\t\t\t<\/div>\n\t\t\t\t<\/div>\n\t\t\t\t\t<\/div>\n\t\t\t\t<\/div>\n\t\t<div class=\"elementor-element elementor-element-d426cc3 e-flex e-con-boxed e-con e-parent\" data-id=\"d426cc3\" data-element_type=\"container\" data-e-type=\"container\">\n\t\t\t\t\t<div class=\"e-con-inner\">\n\t\t<div class=\"elementor-element elementor-element-45481f5c e-con-full sticky-container e-flex e-con e-child\" data-id=\"45481f5c\" data-element_type=\"container\" data-e-type=\"container\">\n\t\t<div class=\"elementor-element elementor-element-304d106f e-con-full animated-fast e-flex elementor-invisible e-con e-child\" data-id=\"304d106f\" data-element_type=\"container\" data-e-type=\"container\" data-settings=\"{&quot;animation&quot;:&quot;fadeInUp&quot;,&quot;animation_delay&quot;:100}\">\n\t\t\t\t<div class=\"elementor-element elementor-element-455b938a animated-fast elementor-invisible elementor-widget elementor-widget-elementskit-heading\" data-id=\"455b938a\" data-element_type=\"widget\" data-e-type=\"widget\" data-settings=\"{&quot;ekit_we_effect_on&quot;:&quot;css&quot;,&quot;_animation&quot;:&quot;fadeIn&quot;,&quot;_animation_delay&quot;:100}\" data-widget_type=\"elementskit-heading.default\">\n\t\t\t\t<div class=\"elementor-widget-container\">\n\t\t\t\t\t<div class=\"ekit-wid-con\" ><div class=\"ekit-heading elementskit-section-title-wraper text_left   ekit_heading_tablet-   ekit_heading_mobile-text_left\">\t\t\t\t<div class='ekit-heading__description'>\n\t\t\t\t\t<p>Na LermenAcademy, voc\u00ea encontrar\u00e1 cursos, treinamentos, conte\u00fados exclusivos e trilhas de desenvolvimento que ir\u00e3o aprimorar suas habilidades e preparar voc\u00ea para novos desafios.<\/p>\n<p>\u00a0<\/p>\n<p>Tudo isso de forma din\u00e2mica, acess\u00edvel e interativa!<\/p>\n\t\t\t\t<\/div>\n\t\t\t<\/div><\/div>\t\t\t\t<\/div>\n\t\t\t\t<\/div>\n\t\t\t\t<\/div>\n\t\t\t\t<\/div>\n\t\t<div class=\"elementor-element elementor-element-4d1b5d4d e-con-full e-flex e-con e-child\" data-id=\"4d1b5d4d\" data-element_type=\"container\" data-e-type=\"container\">\n\t\t<div class=\"elementor-element elementor-element-7c49bd2d e-con-full e-flex e-con e-child\" data-id=\"7c49bd2d\" data-element_type=\"container\" data-e-type=\"container\">\n\t\t<div class=\"elementor-element elementor-element-2c268275 e-con-full e-flex e-con e-child\" data-id=\"2c268275\" data-element_type=\"container\" data-e-type=\"container\">\n\t\t\t\t<div class=\"elementor-element elementor-element-16807d9d animated-fast elementor-widget__width-initial ekit-equal-height-disable elementor-invisible elementor-widget elementor-widget-elementskit-icon-box\" data-id=\"16807d9d\" data-element_type=\"widget\" data-e-type=\"widget\" data-settings=\"{&quot;_animation&quot;:&quot;fadeInUp&quot;,&quot;_animation_delay&quot;:200,&quot;ekit_we_effect_on&quot;:&quot;none&quot;}\" data-widget_type=\"elementskit-icon-box.default\">\n\t\t\t\t<div class=\"elementor-widget-container\">\n\t\t\t\t\t<div class=\"ekit-wid-con\" >        <!-- link opening -->\n                <a href=\"#\" class=\"ekit_global_links\">\n                <!-- end link opening -->\n\n        <div class=\"elementskit-infobox text-left text- icon-lef-right-aligin elementor-animation-\">\n                        <div class=\"box-body\">\n                                            <\/div>\n        \n        \n                <\/div>\n                <\/a>\n        <\/div>\t\t\t\t<\/div>\n\t\t\t\t<\/div>\n\t\t\t\t<\/div>\n\t\t\t\t<\/div>\n\t\t<div class=\"elementor-element elementor-element-17bed22 e-con-full e-flex e-con e-child\" data-id=\"17bed22\" data-element_type=\"container\" data-e-type=\"container\">\n\t\t<div class=\"elementor-element elementor-element-1bf93cd e-con-full e-flex e-con e-child\" data-id=\"1bf93cd\" data-element_type=\"container\" data-e-type=\"container\">\n\t\t\t\t<div class=\"elementor-element elementor-element-d1a8f7b animated-fast elementor-widget__width-initial ekit-equal-height-disable elementor-invisible elementor-widget elementor-widget-elementskit-icon-box\" data-id=\"d1a8f7b\" data-element_type=\"widget\" data-e-type=\"widget\" data-settings=\"{&quot;_animation&quot;:&quot;fadeInUp&quot;,&quot;_animation_delay&quot;:200,&quot;ekit_we_effect_on&quot;:&quot;none&quot;}\" data-widget_type=\"elementskit-icon-box.default\">\n\t\t\t\t<div class=\"elementor-widget-container\">\n\t\t\t\t\t<div class=\"ekit-wid-con\" >        <!-- link opening -->\n                <a href=\"#\" class=\"ekit_global_links\">\n                <!-- end link opening -->\n\n        <div class=\"elementskit-infobox text-left text- icon-lef-right-aligin elementor-animation-\">\n                        <div class=\"box-body\">\n                            <h4 class=\"elementskit-info-box-title\">\n                    O que voc\u00ea pode esperar?                <\/h4>\n                        \t\t  \t<p>\u2705 Conte\u00fados personalizados para sua \u00e1rea de atua\u00e7\u00e3o <\/br>\n\u2705 Cursos e treinamentos 100% online <\/br>\n\u2705 Certifica\u00e7\u00f5es que valorizam sua trajet\u00f3ria profissional <\/br>\n\u2705 Acesso f\u00e1cil e flex\u00edvel, de qualquer lugar <\/br>\n\u2705 Novidades e atualiza\u00e7\u00f5es constantes\n<\/p>\n                                <\/div>\n        \n        \n                <\/div>\n                <\/a>\n        <\/div>\t\t\t\t<\/div>\n\t\t\t\t<\/div>\n\t\t\t\t<\/div>\n\t\t\t\t<\/div>\n\t\t<div class=\"elementor-element elementor-element-41941b6 e-con-full e-flex e-con e-child\" data-id=\"41941b6\" data-element_type=\"container\" data-e-type=\"container\">\n\t\t<div class=\"elementor-element elementor-element-5386cab e-con-full e-flex e-con e-child\" data-id=\"5386cab\" data-element_type=\"container\" data-e-type=\"container\">\n\t\t\t\t<div class=\"elementor-element elementor-element-6f51604 animated-fast elementor-widget__width-initial ekit-equal-height-disable elementor-invisible elementor-widget elementor-widget-elementskit-icon-box\" data-id=\"6f51604\" data-element_type=\"widget\" data-e-type=\"widget\" data-settings=\"{&quot;_animation&quot;:&quot;fadeInUp&quot;,&quot;_animation_delay&quot;:200,&quot;ekit_we_effect_on&quot;:&quot;none&quot;}\" data-widget_type=\"elementskit-icon-box.default\">\n\t\t\t\t<div class=\"elementor-widget-container\">\n\t\t\t\t\t<div class=\"ekit-wid-con\" >        <!-- link opening -->\n                <a href=\"#\" class=\"ekit_global_links\">\n                <!-- end link opening -->\n\n        <div class=\"elementskit-infobox text-left text- icon-lef-right-aligin elementor-animation-\">\n                        <div class=\"box-body\">\n                                            <\/div>\n        \n        \n                <\/div>\n                <\/a>\n        <\/div>\t\t\t\t<\/div>\n\t\t\t\t<\/div>\n\t\t\t\t<div class=\"elementor-element elementor-element-1970121 animated-fast elementor-widget__width-initial ekit-equal-height-disable elementor-invisible elementor-widget elementor-widget-elementskit-icon-box\" data-id=\"1970121\" data-element_type=\"widget\" data-e-type=\"widget\" data-settings=\"{&quot;_animation&quot;:&quot;fadeInUp&quot;,&quot;_animation_delay&quot;:200,&quot;ekit_we_effect_on&quot;:&quot;none&quot;}\" data-widget_type=\"elementskit-icon-box.default\">\n\t\t\t\t<div class=\"elementor-widget-container\">\n\t\t\t\t\t<div class=\"ekit-wid-con\" >        <!-- link opening -->\n                <a href=\"#\" class=\"ekit_global_links\">\n                <!-- end link opening -->\n\n        <div class=\"elementskit-infobox text-left text- icon-lef-right-aligin elementor-animation-\">\n                        <div class=\"box-body\">\n                        \t\t  \t<p>Estamos comprometidos em oferecer as melhores oportunidades para que voc\u00ea se desenvolva cada vez mais. <\/br> \n<\/br>\nPor isso, convidamos voc\u00ea a acessar a plataforma, explorar os conte\u00fados dispon\u00edveis e iniciar sua jornada de aprendizado!<\/p>\n                                <\/div>\n        \n        \n                <\/div>\n                <\/a>\n        <\/div>\t\t\t\t<\/div>\n\t\t\t\t<\/div>\n\t\t\t\t<\/div>\n\t\t\t\t<\/div>\n\t\t\t\t<\/div>\n\t\t\t\t\t<\/div>\n\t\t\t\t<\/div>\n\t\t\t\t<\/div>","protected":false},"excerpt":{"rendered":"<p>Cursos e treinamentos online para a ind\u00fastria t\u00eaxtil e confec\u00e7\u00e3o LermenAcademy A LermenAcademy \u00e9 uma universidade corporativa criada especialmente para quem trabalha no setor t\u00eaxtil e confec\u00e7\u00e3o e que deseja aprimorar habilidades com foco na gest\u00e3o, produ\u00e7\u00e3o e inova\u00e7\u00e3o. Home Clique aqui para acessar a plataforma Na LermenAcademy, voc\u00ea encontrar\u00e1 cursos, treinamentos, conte\u00fados exclusivos e [&hellip;]<\/p>\n","protected":false},"author":3,"featured_media":0,"parent":0,"menu_order":0,"comment_status":"closed","ping_status":"closed","template":"","meta":{"footnotes":""},"class_list":["post-23386","page","type-page","status-publish","hentry"],"yoast_head":"<!-- This site is optimized with the Yoast SEO plugin v26.9 - https:\/\/yoast.com\/product\/yoast-seo-wordpress\/ -->\n<title>Universidade Corporativa LermenSys Invista no seu aprendizado!<\/title>\n<meta name=\"description\" content=\"Universidade Corporativa LermenSys. Uma plataforma desenvolvida para impulsionar o seu crescimento profissional. Conhe\u00e7a!\" \/>\n<meta name=\"robots\" content=\"index, follow, max-snippet:-1, max-image-preview:large, max-video-preview:-1\" \/>\n<link rel=\"canonical\" href=\"https:\/\/lermensys.com.br\/es\/lermenacademy\/\" \/>\n<meta property=\"og:locale\" content=\"es_ES\" \/>\n<meta property=\"og:type\" content=\"article\" \/>\n<meta property=\"og:title\" content=\"Universidade Corporativa LermenSys Invista no seu aprendizado!\" \/>\n<meta property=\"og:description\" content=\"Universidade Corporativa LermenSys. Uma plataforma desenvolvida para impulsionar o seu crescimento profissional. Conhe\u00e7a!\" \/>\n<meta property=\"og:url\" content=\"https:\/\/lermensys.com.br\/es\/lermenacademy\/\" \/>\n<meta property=\"og:site_name\" content=\"Lermensys\" \/>\n<meta property=\"article:publisher\" content=\"https:\/\/www.facebook.com\/LermenSys\" \/>\n<meta property=\"article:modified_time\" content=\"2025-10-08T17:20:31+00:00\" \/>\n<meta property=\"og:image\" content=\"https:\/\/lermensys.com.br\/wp-content\/uploads\/2025\/03\/OT11BI1-300x283.png\" \/>\n<meta name=\"twitter:card\" content=\"summary_large_image\" \/>\n<script type=\"application\/ld+json\" class=\"yoast-schema-graph\">{\"@context\":\"https:\/\/schema.org\",\"@graph\":[{\"@type\":\"WebPage\",\"@id\":\"https:\/\/lermensys.com.br\/lermenacademy\/\",\"url\":\"https:\/\/lermensys.com.br\/lermenacademy\/\",\"name\":\"Universidade Corporativa LermenSys Invista no seu aprendizado!\",\"isPartOf\":{\"@id\":\"https:\/\/lermensys.com.br\/#website\"},\"primaryImageOfPage\":{\"@id\":\"https:\/\/lermensys.com.br\/lermenacademy\/#primaryimage\"},\"image\":{\"@id\":\"https:\/\/lermensys.com.br\/lermenacademy\/#primaryimage\"},\"thumbnailUrl\":\"https:\/\/lermensys.com.br\/wp-content\/uploads\/2025\/03\/OT11BI1-300x283.png\",\"datePublished\":\"2025-03-04T14:20:37+00:00\",\"dateModified\":\"2025-10-08T17:20:31+00:00\",\"description\":\"Universidade Corporativa LermenSys. Uma plataforma desenvolvida para impulsionar o seu crescimento profissional. Conhe\u00e7a!\",\"breadcrumb\":{\"@id\":\"https:\/\/lermensys.com.br\/lermenacademy\/#breadcrumb\"},\"inLanguage\":\"es\",\"potentialAction\":[{\"@type\":\"ReadAction\",\"target\":[\"https:\/\/lermensys.com.br\/lermenacademy\/\"]}]},{\"@type\":\"ImageObject\",\"inLanguage\":\"es\",\"@id\":\"https:\/\/lermensys.com.br\/lermenacademy\/#primaryimage\",\"url\":\"https:\/\/lermensys.com.br\/wp-content\/uploads\/2025\/03\/OT11BI1-300x283.png\",\"contentUrl\":\"https:\/\/lermensys.com.br\/wp-content\/uploads\/2025\/03\/OT11BI1-300x283.png\"},{\"@type\":\"BreadcrumbList\",\"@id\":\"https:\/\/lermensys.com.br\/lermenacademy\/#breadcrumb\",\"itemListElement\":[{\"@type\":\"ListItem\",\"position\":1,\"name\":\"In\u00edcio\",\"item\":\"https:\/\/lermensys.com.br\/\"},{\"@type\":\"ListItem\",\"position\":2,\"name\":\"LermenAcademy\"}]},{\"@type\":\"WebSite\",\"@id\":\"https:\/\/lermensys.com.br\/#website\",\"url\":\"https:\/\/lermensys.com.br\/\",\"name\":\"Lermensys\",\"description\":\"Software de Gest\u00e3o para a Ind\u00fastria T\u00eaxtil e de Confec\u00e7\u00e3o\",\"publisher\":{\"@id\":\"https:\/\/lermensys.com.br\/#organization\"},\"potentialAction\":[{\"@type\":\"SearchAction\",\"target\":{\"@type\":\"EntryPoint\",\"urlTemplate\":\"https:\/\/lermensys.com.br\/?s={search_term_string}\"},\"query-input\":{\"@type\":\"PropertyValueSpecification\",\"valueRequired\":true,\"valueName\":\"search_term_string\"}}],\"inLanguage\":\"es\"},{\"@type\":\"Organization\",\"@id\":\"https:\/\/lermensys.com.br\/#organization\",\"name\":\"Lermensys\",\"url\":\"https:\/\/lermensys.com.br\/\",\"logo\":{\"@type\":\"ImageObject\",\"inLanguage\":\"es\",\"@id\":\"https:\/\/lermensys.com.br\/#\/schema\/logo\/image\/\",\"url\":\"https:\/\/lermensys.com.br\/wp-content\/uploads\/2023\/09\/Logo_LermenSys.png\",\"contentUrl\":\"https:\/\/lermensys.com.br\/wp-content\/uploads\/2023\/09\/Logo_LermenSys.png\",\"width\":900,\"height\":240,\"caption\":\"Lermensys\"},\"image\":{\"@id\":\"https:\/\/lermensys.com.br\/#\/schema\/logo\/image\/\"},\"sameAs\":[\"https:\/\/www.facebook.com\/LermenSys\",\"https:\/\/www.instagram.com\/lermensys\/\",\"https:\/\/www.linkedin.com\/company\/lermensys\/\"]}]}<\/script>\n<!-- \/ Yoast SEO plugin. -->","yoast_head_json":{"title":"Universidade Corporativa LermenSys Invista no seu aprendizado!","description":"Universidade Corporativa LermenSys. Uma plataforma desenvolvida para impulsionar o seu crescimento profissional. Conhe\u00e7a!","robots":{"index":"index","follow":"follow","max-snippet":"max-snippet:-1","max-image-preview":"max-image-preview:large","max-video-preview":"max-video-preview:-1"},"canonical":"https:\/\/lermensys.com.br\/es\/lermenacademy\/","og_locale":"es_ES","og_type":"article","og_title":"Universidade Corporativa LermenSys Invista no seu aprendizado!","og_description":"Universidade Corporativa LermenSys. Uma plataforma desenvolvida para impulsionar o seu crescimento profissional. Conhe\u00e7a!","og_url":"https:\/\/lermensys.com.br\/es\/lermenacademy\/","og_site_name":"Lermensys","article_publisher":"https:\/\/www.facebook.com\/LermenSys","article_modified_time":"2025-10-08T17:20:31+00:00","og_image":[{"url":"https:\/\/lermensys.com.br\/wp-content\/uploads\/2025\/03\/OT11BI1-300x283.png","type":"","width":"","height":""}],"twitter_card":"summary_large_image","schema":{"@context":"https:\/\/schema.org","@graph":[{"@type":"WebPage","@id":"https:\/\/lermensys.com.br\/lermenacademy\/","url":"https:\/\/lermensys.com.br\/lermenacademy\/","name":"Universidade Corporativa LermenSys Invista no seu aprendizado!","isPartOf":{"@id":"https:\/\/lermensys.com.br\/#website"},"primaryImageOfPage":{"@id":"https:\/\/lermensys.com.br\/lermenacademy\/#primaryimage"},"image":{"@id":"https:\/\/lermensys.com.br\/lermenacademy\/#primaryimage"},"thumbnailUrl":"https:\/\/lermensys.com.br\/wp-content\/uploads\/2025\/03\/OT11BI1-300x283.png","datePublished":"2025-03-04T14:20:37+00:00","dateModified":"2025-10-08T17:20:31+00:00","description":"Universidade Corporativa LermenSys. Uma plataforma desenvolvida para impulsionar o seu crescimento profissional. Conhe\u00e7a!","breadcrumb":{"@id":"https:\/\/lermensys.com.br\/lermenacademy\/#breadcrumb"},"inLanguage":"es","potentialAction":[{"@type":"ReadAction","target":["https:\/\/lermensys.com.br\/lermenacademy\/"]}]},{"@type":"ImageObject","inLanguage":"es","@id":"https:\/\/lermensys.com.br\/lermenacademy\/#primaryimage","url":"https:\/\/lermensys.com.br\/wp-content\/uploads\/2025\/03\/OT11BI1-300x283.png","contentUrl":"https:\/\/lermensys.com.br\/wp-content\/uploads\/2025\/03\/OT11BI1-300x283.png"},{"@type":"BreadcrumbList","@id":"https:\/\/lermensys.com.br\/lermenacademy\/#breadcrumb","itemListElement":[{"@type":"ListItem","position":1,"name":"In\u00edcio","item":"https:\/\/lermensys.com.br\/"},{"@type":"ListItem","position":2,"name":"LermenAcademy"}]},{"@type":"WebSite","@id":"https:\/\/lermensys.com.br\/#website","url":"https:\/\/lermensys.com.br\/","name":"Lermensys","description":"Software de Gest\u00e3o para a Ind\u00fastria T\u00eaxtil e de Confec\u00e7\u00e3o","publisher":{"@id":"https:\/\/lermensys.com.br\/#organization"},"potentialAction":[{"@type":"SearchAction","target":{"@type":"EntryPoint","urlTemplate":"https:\/\/lermensys.com.br\/?s={search_term_string}"},"query-input":{"@type":"PropertyValueSpecification","valueRequired":true,"valueName":"search_term_string"}}],"inLanguage":"es"},{"@type":"Organization","@id":"https:\/\/lermensys.com.br\/#organization","name":"Lermensys","url":"https:\/\/lermensys.com.br\/","logo":{"@type":"ImageObject","inLanguage":"es","@id":"https:\/\/lermensys.com.br\/#\/schema\/logo\/image\/","url":"https:\/\/lermensys.com.br\/wp-content\/uploads\/2023\/09\/Logo_LermenSys.png","contentUrl":"https:\/\/lermensys.com.br\/wp-content\/uploads\/2023\/09\/Logo_LermenSys.png","width":900,"height":240,"caption":"Lermensys"},"image":{"@id":"https:\/\/lermensys.com.br\/#\/schema\/logo\/image\/"},"sameAs":["https:\/\/www.facebook.com\/LermenSys","https:\/\/www.instagram.com\/lermensys\/","https:\/\/www.linkedin.com\/company\/lermensys\/"]}]}},"_links":{"self":[{"href":"https:\/\/lermensys.com.br\/es\/wp-json\/wp\/v2\/pages\/23386","targetHints":{"allow":["GET"]}}],"collection":[{"href":"https:\/\/lermensys.com.br\/es\/wp-json\/wp\/v2\/pages"}],"about":[{"href":"https:\/\/lermensys.com.br\/es\/wp-json\/wp\/v2\/types\/page"}],"author":[{"embeddable":true,"href":"https:\/\/lermensys.com.br\/es\/wp-json\/wp\/v2\/users\/3"}],"replies":[{"embeddable":true,"href":"https:\/\/lermensys.com.br\/es\/wp-json\/wp\/v2\/comments?post=23386"}],"version-history":[{"count":67,"href":"https:\/\/lermensys.com.br\/es\/wp-json\/wp\/v2\/pages\/23386\/revisions"}],"predecessor-version":[{"id":24024,"href":"https:\/\/lermensys.com.br\/es\/wp-json\/wp\/v2\/pages\/23386\/revisions\/24024"}],"wp:attachment":[{"href":"https:\/\/lermensys.com.br\/es\/wp-json\/wp\/v2\/media?parent=23386"}],"curies":[{"name":"wp","href":"https:\/\/api.w.org\/{rel}","templated":true}]}}