{"id":844,"date":"2023-09-27T15:45:09","date_gmt":"2023-09-27T15:45:09","guid":{"rendered":"https:\/\/sierra.keydesign.xyz\/crm\/?page_id=844"},"modified":"2025-12-17T12:02:24","modified_gmt":"2025-12-17T12:02:24","slug":"contato","status":"publish","type":"page","link":"https:\/\/lermensys.com.br\/es\/contato\/","title":{"rendered":"Contato"},"content":{"rendered":"<div data-elementor-type=\"wp-page\" data-elementor-id=\"844\" class=\"elementor elementor-844\" data-elementor-post-type=\"page\">\n\t\t\t\t<div class=\"elementor-element elementor-element-1eb7d1a7 e-flex e-con-boxed e-con e-parent\" data-id=\"1eb7d1a7\" data-element_type=\"container\" data-e-type=\"container\" data-settings=\"{&quot;background_background&quot;:&quot;classic&quot;}\">\n\t\t\t\t\t<div class=\"e-con-inner\">\n\t\t<div class=\"elementor-element elementor-element-34e4a518 e-con-full e-flex e-con e-child\" data-id=\"34e4a518\" data-element_type=\"container\" data-e-type=\"container\">\n\t\t\t\t<div class=\"elementor-element elementor-element-589c3083 animated-fast elementor-invisible elementor-widget elementor-widget-elementskit-heading\" data-id=\"589c3083\" data-element_type=\"widget\" data-e-type=\"widget\" data-settings=\"{&quot;_animation&quot;:&quot;fadeIn&quot;,&quot;_animation_delay&quot;:100,&quot;ekit_we_effect_on&quot;:&quot;none&quot;}\" data-widget_type=\"elementskit-heading.default\">\n\t\t\t\t<div class=\"elementor-widget-container\">\n\t\t\t\t\t<div class=\"ekit-wid-con\" ><div class=\"ekit-heading elementskit-section-title-wraper text_center   ekit_heading_tablet-   ekit_heading_mobile-\"><h1 class=\"ekit-heading--title elementskit-section-title\">Entre em <span><span>contato<\/span><\/span> conosco<\/h1>\t\t\t\t<div class='ekit-heading__description'>\n\t\t\t\t\t<p>Se interessou pelas nossas solu\u00e7\u00f5es?<br \/>Tem alguma quest\u00e3o que possamos lhe orientar? <br \/>Abaixo os meios dispon\u00edveis para falarmos.<\/p>\n\t\t\t\t<\/div>\n\t\t\t<\/div><\/div>\t\t\t\t<\/div>\n\t\t\t\t<\/div>\n\t\t\t\t<div class=\"elementor-element elementor-element-1d14bfeb animated-fast elementor-invisible elementor-widget elementor-widget-elementskit-breadcrumb\" data-id=\"1d14bfeb\" data-element_type=\"widget\" data-e-type=\"widget\" data-settings=\"{&quot;_animation&quot;:&quot;fadeIn&quot;,&quot;_animation_delay&quot;:100,&quot;ekit_we_effect_on&quot;:&quot;none&quot;}\" data-widget_type=\"elementskit-breadcrumb.default\">\n\t\t\t\t<div class=\"elementor-widget-container\">\n\t\t\t\t\t<div class=\"ekit-wid-con\" ><ol class=\"ekit-breadcrumb\"><li class=\"ekit_breadcrumbs_start\"><a href=\"https:\/\/lermensys.com.br\/es\/\">Home<\/a><\/li> <li class=\"brd_sep\"><span class=\"separate_icon\"><i class=\"fas fa-chevron-right\"><\/i><\/span><\/li>  <li>Contato<\/li><\/ol><\/div>\t\t\t\t<\/div>\n\t\t\t\t<\/div>\n\t\t\t\t<\/div>\n\t\t\t\t\t<\/div>\n\t\t\t\t<\/div>\n\t\t<div class=\"elementor-element elementor-element-ed479d7 e-con-full e-flex e-con e-parent\" data-id=\"ed479d7\" data-element_type=\"container\" data-e-type=\"container\" data-settings=\"{&quot;background_background&quot;:&quot;classic&quot;}\">\n\t\t<div class=\"elementor-element elementor-element-4a456d74 e-con-full animated-fast e-flex elementor-invisible e-con e-child\" data-id=\"4a456d74\" data-element_type=\"container\" data-e-type=\"container\" data-settings=\"{&quot;background_background&quot;:&quot;classic&quot;,&quot;animation&quot;:&quot;fadeIn&quot;,&quot;animation_delay&quot;:100}\">\n\t\t\t\t<div class=\"elementor-element elementor-element-a44e26c elementor-widget elementor-widget-html\" data-id=\"a44e26c\" data-element_type=\"widget\" data-e-type=\"widget\" data-settings=\"{&quot;ekit_we_effect_on&quot;:&quot;none&quot;}\" data-widget_type=\"html.default\">\n\t\t\t\t<div class=\"elementor-widget-container\">\n\t\t\t\t\t<iframe src=\"https:\/\/www.google.com\/maps\/embed?pb=!1m18!1m12!1m3!1d3557.3360795735853!2d-49.0613551!3d-26.9245581!2m3!1f0!2f0!3f0!3m2!1i1024!2i768!4f13.1!3m3!1m2!1s0x94df1f2cb808e267%3A0x48d8499ad5d0bca2!2sLermenSys!5e0!3m2!1spt-PT!2spt!4v1719239695702!5m2!1spt-PT!2spt\" width=\"600\" height=\"900\" style=\"border:0;\" allowfullscreen=\"\" loading=\"lazy\" referrerpolicy=\"no-referrer-when-downgrade\"><\/iframe>\t\t\t\t<\/div>\n\t\t\t\t<\/div>\n\t\t\t\t<\/div>\n\t\t<div class=\"elementor-element elementor-element-3f28b265 e-con-full e-flex e-con e-child\" data-id=\"3f28b265\" data-element_type=\"container\" data-e-type=\"container\">\n\t\t<div class=\"elementor-element elementor-element-17e0f8db e-con-full e-flex e-con e-child\" data-id=\"17e0f8db\" data-element_type=\"container\" data-e-type=\"container\">\n\t\t\t\t<div class=\"elementor-element elementor-element-5192039f animated-fast elementor-invisible elementor-widget elementor-widget-elementskit-heading\" data-id=\"5192039f\" data-element_type=\"widget\" data-e-type=\"widget\" data-settings=\"{&quot;_animation&quot;:&quot;fadeIn&quot;,&quot;_animation_delay&quot;:200,&quot;ekit_we_effect_on&quot;:&quot;none&quot;}\" data-widget_type=\"elementskit-heading.default\">\n\t\t\t\t<div class=\"elementor-widget-container\">\n\t\t\t\t\t<div class=\"ekit-wid-con\" ><div class=\"ekit-heading elementskit-section-title-wraper text_left   ekit_heading_tablet-   ekit_heading_mobile-\"><h6 class=\"elementskit-section-subtitle   ekit-heading__subtitle-has-border\">\n\t\t\t\t\t\tContato\n\t\t\t\t\t<\/h6><h1 class=\"ekit-heading--title elementskit-section-title\">N\u00f3s estamos aqui para voc\u00ea<\/h1>\t\t\t\t<div class='ekit-heading__description'>\n\t\t\t\t\t<p>Preencha o formul\u00e1rio abaixo e retornaremos o mais breve poss\u00edvel.<\/p>\n\t\t\t\t<\/div>\n\t\t\t<\/div><\/div>\t\t\t\t<\/div>\n\t\t\t\t<\/div>\n\t\t\t\t<div class=\"elementor-element elementor-element-6671b0a elementor-widget elementor-widget-html\" data-id=\"6671b0a\" data-element_type=\"widget\" data-e-type=\"widget\" data-settings=\"{&quot;ekit_we_effect_on&quot;:&quot;none&quot;}\" data-widget_type=\"html.default\">\n\t\t\t\t<div class=\"elementor-widget-container\">\n\t\t\t\t\t<!-- Formul\u00e1rio -->\n<form id=\"llCaptureForm\" class=\"llform001\"  action=\"\/\/paginas.rocks\/capture\" method=\"post\" data-trp-original-action=\"\/\/paginas.rocks\/capture\">\n   <input type=\"hidden\" id=\"mid\" name=\"mid\" value=\"740129\" \/>\n   <input type=\"hidden\" id=\"fid\" name=\"fid\" value=\"68833\" \/>\n   <input type=\"hidden\" id=\"formType\" name=\"formType\" value=\"dynamic\" \/>\n   <div>\n       <select id=\"llfield96371\" name=\"llfield96371\" data-required=\"true\">\n           <option value=\"\">Qual o motivo do seu contato?<\/option>\n           <option value=\"Conhecer o Easys ERP\">Conhecer o Easys ERP<\/option>\n           <option value=\"Falar com comercial\">Falar com comercial<\/option>\n           <option value=\"Financeiro\">Financeiro<\/option>\n           <option value=\"Outros\">Outros<\/option>\n           <option value=\"Suporte\">Suporte<\/option>\n       <\/select>\n       <div class=\"field-error\" id=\"llerror96371\"><\/div>\n   <\/div>\n   <div>\n       <input type=\"text\" id=\"llfield96369\" name=\"llfield96369\" placeholder=\"Seu nome completo\" data-required=\"true\" \/>\n       <div class=\"field-error\" id=\"llerror96369\"><\/div>\n   <\/div>\n   <div>\n       <input type=\"email\" id=\"llfield96370\" name=\"llfield96370\" placeholder=\"Seu e-mail corporativo\" data-required=\"true\" \/>\n       <div class=\"field-error\" id=\"llerror96370\"><\/div>\n   <\/div>\n   <div>\n       <input type=\"text\" id=\"llfield96372\" name=\"llfield96372\" placeholder=\"Cidade\" data-required=\"true\" \/>\n       <div class=\"field-error\" id=\"llerror96372\"><\/div>\n   <\/div>\n   <div>\n       <input type=\"text\" id=\"llfield96373\" name=\"llfield96373\" placeholder=\"Empresa\" data-required=\"true\" \/>\n       <div class=\"field-error\" id=\"llerror96373\"><\/div>\n   <\/div>\n   <div>\n       <input type=\"hidden\" id=\"usePhoneMask\" \/>\n       <input type=\"tel\" id=\"llfield96374\" name=\"llfield96374\" placeholder=\"DDD+WhatsApp\" data-required=\"true\" \/>\n       <div class=\"field-error\" id=\"llerror96374\"><\/div>\n   <\/div>\n   <div>\n       <textarea id=\"llfield96375\" name=\"llfield96375\" placeholder=\"Mensagem\" data-required=\"true\"><\/textarea>\n       <div class=\"field-error\" id=\"llerror96375\"><\/div>\n   <\/div>\n   <div class=\"button-bar\">\n       <button  type=\"submit\">ENVIAR AGORA<\/button>\n   <\/div>\n   <div class=\"loading-box\">\n       <img decoding=\"async\" src=\"\/\/paginas.rocks\/content\/images\/spinner.gif\" \/>\n       <div>loading...<\/div>\n   <\/div>\n   <div class=\"error-box\">\n       <img decoding=\"async\" src=\"\/\/paginas.rocks\/content\/images\/error-icon.png\" \/>\n       <div><\/div>\n       <button type=\"button\" class=\"btn\" id=\"btn-error\">Ok<\/button>\n   <\/div>\n   <img decoding=\"async\" src=\"https:\/\/llimages.com\/redirect\/redirect.aspx?A=V&f=68833&m=740129\" style=\"display: none;\" \/>\n<input type=\"hidden\" name=\"trp-form-language\" value=\"es\"\/><\/form>\t\t\t\t<\/div>\n\t\t\t\t<\/div>\n\t\t\t\t<\/div>\n\t\t\t\t<\/div>\n\t\t\t\t<\/div>\n\t\t<div class=\"elementor-element elementor-element-6da51e94 e-flex e-con-boxed e-con e-parent\" data-id=\"6da51e94\" data-element_type=\"container\" data-e-type=\"container\" data-settings=\"{&quot;background_background&quot;:&quot;classic&quot;}\">\n\t\t\t\t\t<div class=\"e-con-inner\">\n\t\t<div class=\"elementor-element elementor-element-6864f48d e-con-full e-flex e-con e-child\" data-id=\"6864f48d\" data-element_type=\"container\" data-e-type=\"container\">\n\t\t<div class=\"elementor-element elementor-element-33157fda e-con-full e-flex e-con e-child\" data-id=\"33157fda\" data-element_type=\"container\" data-e-type=\"container\">\n\t\t\t\t<div class=\"elementor-element elementor-element-72937e76 animated-fast elementor-invisible elementor-widget elementor-widget-elementskit-heading\" data-id=\"72937e76\" data-element_type=\"widget\" data-e-type=\"widget\" data-settings=\"{&quot;_animation&quot;:&quot;fadeIn&quot;,&quot;_animation_delay&quot;:100,&quot;ekit_we_effect_on&quot;:&quot;none&quot;}\" data-widget_type=\"elementskit-heading.default\">\n\t\t\t\t<div class=\"elementor-widget-container\">\n\t\t\t\t\t<div class=\"ekit-wid-con\" ><div class=\"ekit-heading elementskit-section-title-wraper text_left   ekit_heading_tablet-   ekit_heading_mobile-\"><h2 class=\"ekit-heading--title elementskit-section-title\">Procurando por <span>suporte?<\/span><\/h2>\t\t\t\t<div class='ekit-heading__description'>\n\t\t\t\t\t<p>Entendemos que \u00e0s vezes voc\u00ea precisa de uma m\u00e3o amiga. Encontre abaixo a assist\u00eancia que voc\u00ea precisa.<\/p>\n\t\t\t\t<\/div>\n\t\t\t<\/div><\/div>\t\t\t\t<\/div>\n\t\t\t\t<\/div>\n\t\t\t\t<\/div>\n\t\t<div class=\"elementor-element elementor-element-1438549e e-con-full e-flex e-con e-child\" data-id=\"1438549e\" data-element_type=\"container\" data-e-type=\"container\">\n\t\t\t\t<div class=\"elementor-element elementor-element-6bd17613 animated-fast elementor-invisible elementor-widget elementor-widget-elementskit-heading\" data-id=\"6bd17613\" data-element_type=\"widget\" data-e-type=\"widget\" data-settings=\"{&quot;_animation&quot;:&quot;fadeIn&quot;,&quot;_animation_delay&quot;:200,&quot;ekit_we_effect_on&quot;:&quot;none&quot;}\" data-widget_type=\"elementskit-heading.default\">\n\t\t\t\t<div class=\"elementor-widget-container\">\n\t\t\t\t\t<div class=\"ekit-wid-con\" ><div class=\"ekit-heading elementskit-section-title-wraper text_left   ekit_heading_tablet-   ekit_heading_mobile-\">\t\t\t\t<div class='ekit-heading__description'>\n\t\t\t\t\t<p>Oferecemos uma variedade de op\u00e7\u00f5es de suporte abrangentes para ajud\u00e1-lo em cada etapa do processo. Se tiver uma d\u00favida t\u00e9cnica ou precisar de orienta\u00e7\u00e3o sobre como usar os nossos recursos, temos o que voc\u00ea precisa.<\/p>\n\t\t\t\t<\/div>\n\t\t\t<\/div><\/div>\t\t\t\t<\/div>\n\t\t\t\t<\/div>\n\t\t\t\t<\/div>\n\t\t\t\t<\/div>\n\t\t<div class=\"elementor-element elementor-element-7bbc9607 e-con-full e-flex e-con e-child\" data-id=\"7bbc9607\" data-element_type=\"container\" data-e-type=\"container\">\n\t\t<div class=\"elementor-element elementor-element-38bd25d9 e-con-full e-flex e-con e-child\" data-id=\"38bd25d9\" data-element_type=\"container\" data-e-type=\"container\">\n\t\t\t\t<div class=\"elementor-element elementor-element-20955304 widget-link-underline animated-fast ekit-equal-height-disable elementor-invisible elementor-widget elementor-widget-elementskit-icon-box\" data-id=\"20955304\" data-element_type=\"widget\" data-e-type=\"widget\" data-settings=\"{&quot;_animation&quot;:&quot;fadeInUp&quot;,&quot;_animation_delay&quot;:100,&quot;ekit_we_effect_on&quot;:&quot;none&quot;}\" data-widget_type=\"elementskit-icon-box.default\">\n\t\t\t\t<div class=\"elementor-widget-container\">\n\t\t\t\t\t<div class=\"ekit-wid-con\" >        <!-- link opening -->\n                <a href=\"#\" class=\"ekit_global_links\">\n                <!-- end link opening -->\n\n        <div class=\"elementskit-infobox text-left text-left icon-top-align elementor-animation-\">\n                    <div class=\"elementskit-box-header elementor-animation-\">\n                <div class=\"elementskit-info-box-icon\">\n                    <i aria-hidden=\"true\" class=\"elementkit-infobox-icon icon icon-chat\"><\/i>\n                <\/div>\n          <\/div>\n                        <div class=\"box-body\">\n                            <h3 class=\"elementskit-info-box-title\">\n                    Centro de Suporte                <\/h3>\n                        \t\t  \t<p>Para ser atendido pela nossa equipe de suporte, utilize os meios dispon\u00edveis abaixo. Seremos breves na resposta.<\/p>\n                                <\/div>\n        \n        <div class=\"icon-hover\">\n            <i aria-hidden=\"true\" class=\"icon icon-review\"><\/i>        <\/div>\n\n        \n        \n                <\/div>\n                <\/a>\n        <\/div>\t\t\t\t<\/div>\n\t\t\t\t<\/div>\n\t\t\t\t<div class=\"elementor-element elementor-element-b626a41 elementor-align-start elementor-icon-list--layout-traditional elementor-list-item-link-full_width elementor-widget elementor-widget-icon-list\" data-id=\"b626a41\" data-element_type=\"widget\" data-e-type=\"widget\" data-settings=\"{&quot;ekit_we_effect_on&quot;:&quot;none&quot;}\" data-widget_type=\"icon-list.default\">\n\t\t\t\t<div class=\"elementor-widget-container\">\n\t\t\t\t\t\t\t<ul class=\"elementor-icon-list-items\">\n\t\t\t\t\t\t\t<li class=\"elementor-icon-list-item\">\n\t\t\t\t\t\t\t\t\t\t\t<span class=\"elementor-icon-list-icon\">\n\t\t\t\t\t\t\t<i aria-hidden=\"true\" class=\"icon icon-clock1\"><\/i>\t\t\t\t\t\t<\/span>\n\t\t\t\t\t\t\t\t\t\t<span class=\"elementor-icon-list-text\">Segunda a sexta, das 8h \u00e0s 18h<\/span>\n\t\t\t\t\t\t\t\t\t<\/li>\n\t\t\t\t\t\t\t\t<li class=\"elementor-icon-list-item\">\n\t\t\t\t\t\t\t\t\t\t\t<a href=\"tel:30371111\">\n\n\t\t\t\t\t\t\t\t\t\t\t\t<span class=\"elementor-icon-list-icon\">\n\t\t\t\t\t\t\t<i aria-hidden=\"true\" class=\"icon icon-phone-handset\"><\/i>\t\t\t\t\t\t<\/span>\n\t\t\t\t\t\t\t\t\t\t<span class=\"elementor-icon-list-text\">Atendimento Geral: (47) 3037-1111<\/span>\n\t\t\t\t\t\t\t\t\t\t\t<\/a>\n\t\t\t\t\t\t\t\t\t<\/li>\n\t\t\t\t\t\t\t\t<li class=\"elementor-icon-list-item\">\n\t\t\t\t\t\t\t\t\t\t\t<a href=\"https:\/\/wa.link\/47boyz\">\n\n\t\t\t\t\t\t\t\t\t\t\t\t<span class=\"elementor-icon-list-icon\">\n\t\t\t\t\t\t\t<i aria-hidden=\"true\" class=\"fab fa-whatsapp\"><\/i>\t\t\t\t\t\t<\/span>\n\t\t\t\t\t\t\t\t\t\t<span class=\"elementor-icon-list-text\">Atendimento Comercial (47) 99647-0018<\/span>\n\t\t\t\t\t\t\t\t\t\t\t<\/a>\n\t\t\t\t\t\t\t\t\t<\/li>\n\t\t\t\t\t\t\t\t<li class=\"elementor-icon-list-item\">\n\t\t\t\t\t\t\t\t\t\t\t<a href=\"https:\/\/wa.link\/2eteaa\">\n\n\t\t\t\t\t\t\t\t\t\t\t\t<span class=\"elementor-icon-list-icon\">\n\t\t\t\t\t\t\t<i aria-hidden=\"true\" class=\"fab fa-whatsapp\"><\/i>\t\t\t\t\t\t<\/span>\n\t\t\t\t\t\t\t\t\t\t<span class=\"elementor-icon-list-text\">Suporte para Clientes (47) 99934-0139<\/span>\n\t\t\t\t\t\t\t\t\t\t\t<\/a>\n\t\t\t\t\t\t\t\t\t<\/li>\n\t\t\t\t\t\t\t\t<li class=\"elementor-icon-list-item\">\n\t\t\t\t\t\t\t\t\t\t\t<a href=\"mailto:suporte@lermensys.com.br\">\n\n\t\t\t\t\t\t\t\t\t\t\t\t<span class=\"elementor-icon-list-icon\">\n\t\t\t\t\t\t\t<i aria-hidden=\"true\" class=\"icon icon-envelope11\"><\/i>\t\t\t\t\t\t<\/span>\n\t\t\t\t\t\t\t\t\t\t<span class=\"elementor-icon-list-text\">suporte@lermensys.com.br<\/span>\n\t\t\t\t\t\t\t\t\t\t\t<\/a>\n\t\t\t\t\t\t\t\t\t<\/li>\n\t\t\t\t\t\t<\/ul>\n\t\t\t\t\t\t<\/div>\n\t\t\t\t<\/div>\n\t\t\t\t<\/div>\n\t\t<div class=\"elementor-element elementor-element-817fa26 e-con-full e-flex e-con e-child\" data-id=\"817fa26\" data-element_type=\"container\" data-e-type=\"container\">\n\t\t\t\t<\/div>\n\t\t\t\t<\/div>\n\t\t\t\t\t<\/div>\n\t\t\t\t<\/div>\n\t\t\t\t<\/div>","protected":false},"excerpt":{"rendered":"<p>Entre em contato conosco Se interessou pelas nossas solu\u00e7\u00f5es?Tem alguma quest\u00e3o que possamos lhe orientar? Abaixo os meios dispon\u00edveis para falarmos. Home Contato N\u00f3s estamos aqui para voc\u00ea Preencha o formul\u00e1rio abaixo e retornaremos o mais breve poss\u00edvel. Qual o motivo do seu contato?Conhecer o Easys ERPFalar com comercialFinanceiroOutrosSuporte ENVIAR AGORA loading&#8230; Ok Procurando por [&hellip;]<\/p>\n","protected":false},"author":1,"featured_media":0,"parent":0,"menu_order":0,"comment_status":"closed","ping_status":"closed","template":"","meta":{"footnotes":""},"class_list":["post-844","page","type-page","status-publish","hentry"],"yoast_head":"<!-- This site is optimized with the Yoast SEO plugin v26.9 - https:\/\/yoast.com\/product\/yoast-seo-wordpress\/ -->\n<title>LermenSys - Gest\u00e3o de Insumos e Estoque<\/title>\n<meta name=\"description\" content=\"Controle de estoque com o monitoramento por meio de leitura de c\u00f3digos de barras ou QR code. Agilidade no processo de identifica\u00e7\u00e3o.\" \/>\n<meta name=\"robots\" content=\"index, follow, max-snippet:-1, max-image-preview:large, max-video-preview:-1\" \/>\n<link rel=\"canonical\" href=\"https:\/\/lermensys.com.br\/es\/contato\/\" \/>\n<meta property=\"og:locale\" content=\"es_ES\" \/>\n<meta property=\"og:type\" content=\"article\" \/>\n<meta property=\"og:title\" content=\"LermenSys - Gest\u00e3o de Insumos e Estoque\" \/>\n<meta property=\"og:description\" content=\"Controle de estoque com o monitoramento por meio de leitura de c\u00f3digos de barras ou QR code. Agilidade no processo de identifica\u00e7\u00e3o.\" \/>\n<meta property=\"og:url\" content=\"https:\/\/lermensys.com.br\/es\/contato\/\" \/>\n<meta property=\"og:site_name\" content=\"Lermensys\" \/>\n<meta property=\"article:publisher\" content=\"https:\/\/www.facebook.com\/LermenSys\" \/>\n<meta property=\"article:modified_time\" content=\"2025-12-17T12:02:24+00:00\" \/>\n<meta property=\"og:image\" content=\"https:\/\/llimages.com\/redirect\/redirect.aspx?A=V&f=68833&m=740129\" \/>\n<meta name=\"twitter:card\" content=\"summary_large_image\" \/>\n<script type=\"application\/ld+json\" class=\"yoast-schema-graph\">{\"@context\":\"https:\/\/schema.org\",\"@graph\":[{\"@type\":\"WebPage\",\"@id\":\"https:\/\/lermensys.com.br\/contato\/\",\"url\":\"https:\/\/lermensys.com.br\/contato\/\",\"name\":\"LermenSys - Gest\u00e3o de Insumos e Estoque\",\"isPartOf\":{\"@id\":\"https:\/\/lermensys.com.br\/#website\"},\"primaryImageOfPage\":{\"@id\":\"https:\/\/lermensys.com.br\/contato\/#primaryimage\"},\"image\":{\"@id\":\"https:\/\/lermensys.com.br\/contato\/#primaryimage\"},\"thumbnailUrl\":\"https:\/\/llimages.com\/redirect\/redirect.aspx?A=V&f=68833&m=740129\",\"datePublished\":\"2023-09-27T15:45:09+00:00\",\"dateModified\":\"2025-12-17T12:02:24+00:00\",\"description\":\"Controle de estoque com o monitoramento por meio de leitura de c\u00f3digos de barras ou QR code. Agilidade no processo de identifica\u00e7\u00e3o.\",\"breadcrumb\":{\"@id\":\"https:\/\/lermensys.com.br\/contato\/#breadcrumb\"},\"inLanguage\":\"es\",\"potentialAction\":[{\"@type\":\"ReadAction\",\"target\":[\"https:\/\/lermensys.com.br\/contato\/\"]}]},{\"@type\":\"ImageObject\",\"inLanguage\":\"es\",\"@id\":\"https:\/\/lermensys.com.br\/contato\/#primaryimage\",\"url\":\"https:\/\/llimages.com\/redirect\/redirect.aspx?A=V&f=68833&m=740129\",\"contentUrl\":\"https:\/\/llimages.com\/redirect\/redirect.aspx?A=V&f=68833&m=740129\"},{\"@type\":\"BreadcrumbList\",\"@id\":\"https:\/\/lermensys.com.br\/contato\/#breadcrumb\",\"itemListElement\":[{\"@type\":\"ListItem\",\"position\":1,\"name\":\"In\u00edcio\",\"item\":\"https:\/\/lermensys.com.br\/\"},{\"@type\":\"ListItem\",\"position\":2,\"name\":\"Contato\"}]},{\"@type\":\"WebSite\",\"@id\":\"https:\/\/lermensys.com.br\/#website\",\"url\":\"https:\/\/lermensys.com.br\/\",\"name\":\"Lermensys\",\"description\":\"Software de Gest\u00e3o para a Ind\u00fastria T\u00eaxtil e de Confec\u00e7\u00e3o\",\"publisher\":{\"@id\":\"https:\/\/lermensys.com.br\/#organization\"},\"potentialAction\":[{\"@type\":\"SearchAction\",\"target\":{\"@type\":\"EntryPoint\",\"urlTemplate\":\"https:\/\/lermensys.com.br\/?s={search_term_string}\"},\"query-input\":{\"@type\":\"PropertyValueSpecification\",\"valueRequired\":true,\"valueName\":\"search_term_string\"}}],\"inLanguage\":\"es\"},{\"@type\":\"Organization\",\"@id\":\"https:\/\/lermensys.com.br\/#organization\",\"name\":\"Lermensys\",\"url\":\"https:\/\/lermensys.com.br\/\",\"logo\":{\"@type\":\"ImageObject\",\"inLanguage\":\"es\",\"@id\":\"https:\/\/lermensys.com.br\/#\/schema\/logo\/image\/\",\"url\":\"https:\/\/lermensys.com.br\/wp-content\/uploads\/2023\/09\/Logo_LermenSys.png\",\"contentUrl\":\"https:\/\/lermensys.com.br\/wp-content\/uploads\/2023\/09\/Logo_LermenSys.png\",\"width\":900,\"height\":240,\"caption\":\"Lermensys\"},\"image\":{\"@id\":\"https:\/\/lermensys.com.br\/#\/schema\/logo\/image\/\"},\"sameAs\":[\"https:\/\/www.facebook.com\/LermenSys\",\"https:\/\/www.instagram.com\/lermensys\/\",\"https:\/\/www.linkedin.com\/company\/lermensys\/\"]}]}<\/script>\n<!-- \/ Yoast SEO plugin. -->","yoast_head_json":{"title":"LermenSys - Gest\u00e3o de Insumos e Estoque","description":"Controle de estoque com o monitoramento por meio de leitura de c\u00f3digos de barras ou QR code. Agilidade no processo de identifica\u00e7\u00e3o.","robots":{"index":"index","follow":"follow","max-snippet":"max-snippet:-1","max-image-preview":"max-image-preview:large","max-video-preview":"max-video-preview:-1"},"canonical":"https:\/\/lermensys.com.br\/es\/contato\/","og_locale":"es_ES","og_type":"article","og_title":"LermenSys - Gest\u00e3o de Insumos e Estoque","og_description":"Controle de estoque com o monitoramento por meio de leitura de c\u00f3digos de barras ou QR code. Agilidade no processo de identifica\u00e7\u00e3o.","og_url":"https:\/\/lermensys.com.br\/es\/contato\/","og_site_name":"Lermensys","article_publisher":"https:\/\/www.facebook.com\/LermenSys","article_modified_time":"2025-12-17T12:02:24+00:00","og_image":[{"url":"https:\/\/llimages.com\/redirect\/redirect.aspx?A=V&f=68833&m=740129","type":"","width":"","height":""}],"twitter_card":"summary_large_image","schema":{"@context":"https:\/\/schema.org","@graph":[{"@type":"WebPage","@id":"https:\/\/lermensys.com.br\/contato\/","url":"https:\/\/lermensys.com.br\/contato\/","name":"LermenSys - Gest\u00e3o de Insumos e Estoque","isPartOf":{"@id":"https:\/\/lermensys.com.br\/#website"},"primaryImageOfPage":{"@id":"https:\/\/lermensys.com.br\/contato\/#primaryimage"},"image":{"@id":"https:\/\/lermensys.com.br\/contato\/#primaryimage"},"thumbnailUrl":"https:\/\/llimages.com\/redirect\/redirect.aspx?A=V&f=68833&m=740129","datePublished":"2023-09-27T15:45:09+00:00","dateModified":"2025-12-17T12:02:24+00:00","description":"Controle de estoque com o monitoramento por meio de leitura de c\u00f3digos de barras ou QR code. Agilidade no processo de identifica\u00e7\u00e3o.","breadcrumb":{"@id":"https:\/\/lermensys.com.br\/contato\/#breadcrumb"},"inLanguage":"es","potentialAction":[{"@type":"ReadAction","target":["https:\/\/lermensys.com.br\/contato\/"]}]},{"@type":"ImageObject","inLanguage":"es","@id":"https:\/\/lermensys.com.br\/contato\/#primaryimage","url":"https:\/\/llimages.com\/redirect\/redirect.aspx?A=V&f=68833&m=740129","contentUrl":"https:\/\/llimages.com\/redirect\/redirect.aspx?A=V&f=68833&m=740129"},{"@type":"BreadcrumbList","@id":"https:\/\/lermensys.com.br\/contato\/#breadcrumb","itemListElement":[{"@type":"ListItem","position":1,"name":"In\u00edcio","item":"https:\/\/lermensys.com.br\/"},{"@type":"ListItem","position":2,"name":"Contato"}]},{"@type":"WebSite","@id":"https:\/\/lermensys.com.br\/#website","url":"https:\/\/lermensys.com.br\/","name":"Lermensys","description":"Software de Gest\u00e3o para a Ind\u00fastria T\u00eaxtil e de Confec\u00e7\u00e3o","publisher":{"@id":"https:\/\/lermensys.com.br\/#organization"},"potentialAction":[{"@type":"SearchAction","target":{"@type":"EntryPoint","urlTemplate":"https:\/\/lermensys.com.br\/?s={search_term_string}"},"query-input":{"@type":"PropertyValueSpecification","valueRequired":true,"valueName":"search_term_string"}}],"inLanguage":"es"},{"@type":"Organization","@id":"https:\/\/lermensys.com.br\/#organization","name":"Lermensys","url":"https:\/\/lermensys.com.br\/","logo":{"@type":"ImageObject","inLanguage":"es","@id":"https:\/\/lermensys.com.br\/#\/schema\/logo\/image\/","url":"https:\/\/lermensys.com.br\/wp-content\/uploads\/2023\/09\/Logo_LermenSys.png","contentUrl":"https:\/\/lermensys.com.br\/wp-content\/uploads\/2023\/09\/Logo_LermenSys.png","width":900,"height":240,"caption":"Lermensys"},"image":{"@id":"https:\/\/lermensys.com.br\/#\/schema\/logo\/image\/"},"sameAs":["https:\/\/www.facebook.com\/LermenSys","https:\/\/www.instagram.com\/lermensys\/","https:\/\/www.linkedin.com\/company\/lermensys\/"]}]}},"_links":{"self":[{"href":"https:\/\/lermensys.com.br\/es\/wp-json\/wp\/v2\/pages\/844","targetHints":{"allow":["GET"]}}],"collection":[{"href":"https:\/\/lermensys.com.br\/es\/wp-json\/wp\/v2\/pages"}],"about":[{"href":"https:\/\/lermensys.com.br\/es\/wp-json\/wp\/v2\/types\/page"}],"author":[{"embeddable":true,"href":"https:\/\/lermensys.com.br\/es\/wp-json\/wp\/v2\/users\/1"}],"replies":[{"embeddable":true,"href":"https:\/\/lermensys.com.br\/es\/wp-json\/wp\/v2\/comments?post=844"}],"version-history":[{"count":124,"href":"https:\/\/lermensys.com.br\/es\/wp-json\/wp\/v2\/pages\/844\/revisions"}],"predecessor-version":[{"id":24059,"href":"https:\/\/lermensys.com.br\/es\/wp-json\/wp\/v2\/pages\/844\/revisions\/24059"}],"wp:attachment":[{"href":"https:\/\/lermensys.com.br\/es\/wp-json\/wp\/v2\/media?parent=844"}],"curies":[{"name":"wp","href":"https:\/\/api.w.org\/{rel}","templated":true}]}}